{"id":219,"date":"2017-10-03T20:40:13","date_gmt":"2017-10-03T13:40:13","guid":{"rendered":"http:\/\/hungrt.raothue.com\/phoruoungoai\/?post_type=product&#038;p=219"},"modified":"2018-01-31T21:47:03","modified_gmt":"2018-01-31T14:47:03","slug":"ruou-vang-y-60-limited-edition-primitivo-di-manduria","status":"publish","type":"product","link":"https:\/\/c422-phoruoungoai.com-vn.net\/?product=ruou-vang-y-60-limited-edition-primitivo-di-manduria","title":{"rendered":"Chivas Regal 18"},"content":{"rendered":"<p>&#8211; R\u01b0\u1ee3u Chivas 18 l\u00e0 s\u1ef1 l\u1ef1a ch\u1ecdn v\u00e0 pha tr\u1ed9n m\u1ed9t c\u00e1ch t\u1ef7 m\u1ef7 c\u00e1c lo\u1ea1i R\u01b0\u1ee3u Whisky c\u1ee7a Chuy\u00ean gia pha ch\u1ebf r\u01b0\u1ee3u l\u1eebng danh Colin Scott . N\u00f3 l\u00e0 s\u1ea3n ph\u1ea9m ch\u1ee9a nhi\u1ec1u l\u1edbp Whisky L\u00faa m\u1ea1ch v\u00e0 Whisky M\u1ea1ch nha kh\u00e1c nhau , \u0111\u01b0\u1ee3c ch\u01b0ng c\u1ea5t t\u1eeb nhi\u1ec1u v\u00f9ng kh\u1eafp \u0111\u1ea5t n\u01b0\u1edbc Scotland . M\u1ed9t s\u1ea3n ph\u1ea9m sang tr\u1ecdng \u0111ang ch\u1edd \u0111\u01b0\u1ee3c kh\u00e1m ph\u00e1<\/p>\n<p>&#8211; Trong c\u00e1c lo\u1ea1i R\u01b0\u1ee3u Chivas Regal , Chivas 18 n\u0103m mang \u0111\u1ebfn cho b\u1ea1n nh\u1eefng tr\u1ea3i nghi\u1ec7m v\u1ec1 r\u01b0\u1ee3u Whisky v\u00f4 c\u00f9ng \u0111\u00e1ng gi\u00e1 b\u1edfi v\u00ec \u0111\u00e2y l\u00e0 m\u1ed9t lo\u1ea1i Whisky v\u1edbi nguy\u00ean li\u1ec7u ban \u0111\u1ea7u l\u00e0 h\u1ea1t ng\u0169 c\u1ed1c v\u00e0 m\u1ea1ch nha t\u1ed1t nh\u1ea5t \u0111\u01b0\u1ee3c l\u1ef1a ch\u1ecdn k\u1ef9 c\u00e0ng b\u1eb1ng tay sau \u0111\u00f3 ch\u00fang \u0111\u01b0\u1ee3c ch\u01b0ng c\u1ea5t \u0111\u1ec3 t\u1ea1o ra nh\u01b0ng lo\u1ea1i r\u01b0\u1ee3u Whisky nguy\u00ean li\u1ec7u ban \u0111\u1ea7u v\u00e0 \u0111\u01b0\u1ee3c \u1ee7 ri\u00eang bi\u1ec7t trong nh\u1eefng th\u00f9ng g\u1ed7 S\u1ed3i trong m\u1ed9t th\u1eddi gian nh\u1ea5t \u0111\u1ecbnh . Cu\u1ed1i c\u00f9ng c\u00e1c lo\u1ea1i r\u01b0\u1ee3u Whisky n\u00e0y \u0111\u01b0\u1ee3c h\u00f2a tr\u1ed9n v\u1edbi nhau \u0111\u1ec3 t\u1ea1o n\u00ean R\u01b0\u1ee3u Chivas 18 n\u0103m<\/p>\n<p>&#8211; R\u01b0\u1ee3u Chivas 18 l\u00e0 D\u00f2ng s\u1ea3n ph\u1ea9m t\u1ea7m trung nh\u01b0ng r\u1ea5t \u0111\u01b0\u1ee3c \u0111\u1ea7u t\u01b0 n\u00ean c\u00f3 Ch\u1ea5t l\u01b0\u1ee3ng cao , M\u1eabu m\u00e3 s\u1ea3n ph\u1ea9m \u0111\u1eb9p . Chivas 18 n\u0103m v\u1edbi d\u00e1ng chai tr\u00f2n c\u1ed5 \u0111i\u1ec3n thu\u00f4n t\u1eeb d\u01b0\u1edbi l\u00ean tr\u00ean . N\u00f3 c\u00f3 m\u00e0u da cam r\u1ef1c r\u1ee1 , h\u01b0\u01a1ng Chocola , Cam , Chanh , Gia v\u1ecb v\u00e0 m\u1ed9t \u00edt v\u1ecb Kh\u00f3i mang \u0111\u1ebfn m\u1ed9t h\u01b0\u01a1ng th\u01a1m ng\u00e1t th\u1eadt kh\u00e1c bi\u1ec7t<\/p>\n<p>&#8211; Chivas 18 n\u0103m th\u01b0\u1eddng \u0111\u01b0\u1ee3c s\u1eed d\u1ee5ng \u0111\u1ec3 l\u00e0m \u0111\u1ed3 u\u1ed1ng trong nh\u1eefng B\u1eefa ti\u1ec7c sang tr\u1ecdng ho\u1eb7c l\u00e0m qu\u00e0 bi\u1ebfu cho Ng\u01b0\u1eddi th\u00e2n , B\u1ea1n b\u00e8 v\u00e0 \u0110\u1ed1i t\u00e1c l\u00e0m \u0103n<\/p>\n<p><strong>C\u00c1CH TH\u01af\u1edeNG TH\u1ee8C R\u01af\u1ee2U CHIVAS 18 :<\/strong><\/p>\n<p>&#8211; D\u00f9ng nguy\u00ean ch\u1ea5t<\/p>\n<p>&#8211; Th\u00eam m\u1ed9t \u00edt n\u01b0\u1edbc gi\u00fap lan t\u1ecfa h\u01b0\u01a1ng v\u1ecb<\/p>\n<p>&#8211; Th\u00eam m\u1ed9t \u00edt \u0111\u00e1 \u0111\u1ec3 c\u1ea3m nh\u1eadn h\u01b0\u01a1ng v\u1ecb m\u00e3nh li\u1ec7t<\/p>\n<p>&#8211; Th\u00eam \u0111\u00e1 k\u1ebft h\u1ee3p v\u1edbi soda v\u00e0 1 l\u00e1t chanh cho m\u1ed9t c\u1ea3m gi\u00e1c s\u1ea3ng kho\u00e1i<\/p>\n","protected":false},"excerpt":{"rendered":"<p>R\u01b0\u1ee3u vang Chile Puro Huaso Family Selection Oak Barrel Aged \u0110\u1ea7y c\u00e1 t\u00ednh v\u00e0 quy\u1ebfn r\u0169 l\u00e0 nh\u1eefng n\u00e9t \u0111\u1eb7c tr\u01b0ng. Khi th\u01b0\u1edfng th\u1ee9c vang tho\u1ea1t ti\u00ean cho c\u1ea3m gi\u00e1c thanh tho\u00e1t, n\u1ec1n n\u00e3 v\u00e0 v\u00f4 c\u00f9ng m\u1ec1m m\u1ea1i. Nh\u01b0ng sau \u0111\u00f3 l\u1ea1i s\u00e2u s\u1eafc, \u0111\u1eadm \u0111\u00e0. Vang c\u00f3 s\u1ef1 h\u00f2a tr\u1ed9n kh\u00e9o l\u00e9o v\u00e0 tinh t\u1ebf c\u1ee7a nh\u1eefng h\u01b0\u01a1ng v\u1ecb kh\u00e1c nhau , r\u01b0\u1ee3u \u0111\u01b0\u1ee3c \u1ee7 trong th\u00f9ng g\u1ed7 s\u1ed3 Ph\u00e1p 24 th\u00e1ng, r\u01b0\u1ee3u \u0111\u01b0\u1ee3c \u0111\u00f3ng trong th\u00f9ng g\u1ed7 6 chai\/th\u00f9ng.<\/p>\n","protected":false},"featured_media":210,"comment_status":"open","ping_status":"closed","template":"","meta":[],"_links":{"self":[{"href":"https:\/\/c422-phoruoungoai.com-vn.net\/index.php?rest_route=\/wp\/v2\/product\/219"}],"collection":[{"href":"https:\/\/c422-phoruoungoai.com-vn.net\/index.php?rest_route=\/wp\/v2\/product"}],"about":[{"href":"https:\/\/c422-phoruoungoai.com-vn.net\/index.php?rest_route=\/wp\/v2\/types\/product"}],"replies":[{"embeddable":true,"href":"https:\/\/c422-phoruoungoai.com-vn.net\/index.php?rest_route=%2Fwp%2Fv2%2Fcomments&post=219"}],"wp:featuredmedia":[{"embeddable":true,"href":"https:\/\/c422-phoruoungoai.com-vn.net\/index.php?rest_route=\/wp\/v2\/media\/210"}],"wp:attachment":[{"href":"https:\/\/c422-phoruoungoai.com-vn.net\/index.php?rest_route=%2Fwp%2Fv2%2Fmedia&parent=219"}],"curies":[{"name":"wp","href":"https:\/\/api.w.org\/{rel}","templated":true}]}}