{"id":220,"date":"2017-10-03T20:40:23","date_gmt":"2017-10-03T13:40:23","guid":{"rendered":"http:\/\/hungrt.raothue.com\/phoruoungoai\/?post_type=product&#038;p=220"},"modified":"2018-01-31T10:52:09","modified_gmt":"2018-01-31T03:52:09","slug":"ruou-vang-y-60-limited-edition-primitivo-di-manduria-2","status":"publish","type":"product","link":"https:\/\/c422-phoruoungoai.com-vn.net\/?product=ruou-vang-y-60-limited-edition-primitivo-di-manduria-2","title":{"rendered":"Royal Salute Diamond Tribute"},"content":{"rendered":"<p>V\u00e0o th\u00e1ng 6 n\u0103m 1953 , l\u00f4 h\u00e0ng \u0111\u1ea7u t\u00ean c\u1ee7a Royal Salute \u0111\u01b0\u1ee3c \u0111\u00f3ng chai b\u1edfi b\u1eadc th\u1ea7y h\u1ea7m r\u01b0\u1ee3u nh\u00e0 Chivas l\u00e0 Charles Julian \u0111\u1ec3 t\u01b0\u1edfng ni\u1ec7m l\u1ec5 \u0111\u0103ng quang c\u1ee7a n\u1eef ho\u00e0ng Elizabeth II.<\/p>\n<p>Sau m\u01b0\u01a1i n\u0103m sau khi ch\u00fang t\u00f4i t\u1eadp h\u1ee3p l\u1ea1i trong to\u00e0 nh\u00e0 c\u1ee7a n\u1eef ho\u00e0ng Anh Tower of London tr\u01b0\u1edbc khi s\u00fang th\u1ea7n c\u00f4ng (\u0111\u1ea1i b\u00e1c) gi\u1ed1ng l\u00ean ph\u00e1t s\u00fang k\u1ef7 ni\u1ec7m 60 n\u0103m tr\u1ecb v\u00ec c\u1ee7a n\u1eef ho\u00e0ng Anh.Ng\u00e0i Colin Scott chia s\u1ebb v\u1edbi nh\u1eefng v\u1ecb kh\u00e1ch m\u1eddi ly r\u01b0\u1ee3u \u0111\u1ea7u ti\u00ean c\u1ee7a lo\u1ea1i whisky qu\u00fd m\u00e0 \u00f4ng ta ph\u1ed1i tr\u1ed9n cho d\u1ecbp \u0111\u1eb7c bi\u1ec7t n\u00e0y \u0111\u00f3 l\u00e0 Royal Salute Diamond Tribute.<\/p>\n<p>\u0110\u00e2y l\u00e0 m\u1ed9t vi\u00ean kim c\u01b0\u01a1ng v\u1edbi \u0111\u1ed9 tinh khi\u1ebft v\u00e0 h\u01b0\u01a1ng v\u1ecb tinh t\u1ebf.R\u01b0\u1ee3u Royal Salute Diamon Tribute l\u00e0 m\u1ed9t s\u1ef1 k\u1ebft h\u1ee3p kh\u00f4ng th\u1ec3 so s\u00e1nh \u0111\u01b0\u1ee3c l\u1ea5y c\u1ea3m h\u1ee9ng t\u1eeb s\u1ef1 ho\u00e0n h\u1ea3o c\u1ee7a m\u1ed9t vi\u00ean kim c\u01b0\u01a1ng.\u0110i\u1ec1u \u0111\u00f3 th\u1ec3 hi\u1ec7n ngh\u1ec7 thu\u1eadt ph\u1ed1i tr\u1ed9n cao nh\u1ea5t c\u1ee7a b\u1eadc th\u1ea7y h\u1ea7m r\u01b0\u1ee3u Colin Scott. R\u01b0\u1ee3u Royal Salute Diamond Tribute \u0111\u01b0\u1ee3c t\u1ea1o ra t\u1eeb nh\u1eefng lo\u1ea1i whisky \u0111\u1ed9c nh\u1ea5t v\u00e0 hi\u1ebfm nh\u1ea5t \u0111\u01b0\u1ee3c ch\u1ecdn t\u1eeb Royal Salute Vault \u1edf Strathisla \u2013 nh\u00e0 m\u00e1y s\u1ea3n xu\u1ea5t r\u01b0\u1ee3u l\u00e2u \u0111\u1eddi \u1edf v\u00f9ng cao nguy\u00ean Scotland (Highlands of Scotland).\u0110\u00e2y l\u00e0 m\u1ed9t n\u01a1i huy\u1ec1n tho\u1ea1i cho nh\u1eefng ng\u01b0\u1eddi s\u00e0nh r\u01b0\u1ee3u whisky ,Royal Salute Vault l\u00e0 nh\u00e0 ch\u1ee9a nh\u1eefng th\u00f9ng g\u1ed7 s\u1ed3i hi\u1ebfm nh\u1ea5t v\u00e0 \u0111\u1eaft gi\u00e1 nh\u1ea5t \u0111\u01b0\u1ee3c kho\u00e1 c\u1eeda l\u1ea1i \u0111\u1ec3 cho r\u01b0\u1ee3u tr\u01b0\u1edfng th\u00e0nh trong \u00edt nh\u1ea5t 21 n\u0103m.<\/p>\n<p>M\u00e0u: V\u00e0ng s\u00e1ng<\/p>\n<p>H\u01b0\u01a1ng: \u0111\u00e0o \u0111\u1eadm \u0111\u1eb7c, \u0111\u01b0\u1ee3c b\u1ed5 sung b\u1edfi m\u1ed9t \u00edt r\u01b0\u1ee3u v\u00e0ng n\u00e2u v\u00e0 h\u01b0\u01a1ng cam th\u1ea3o \u0111\u1eadm \u0111\u00e0 tuy\u1ec7t v\u1eddi.<\/p>\n<p>V\u1ecb: Kem b\u01a1 ng\u1ecdt d\u1ecbu ho\u00e0 l\u1eabn v\u1edbi nho kh\u00f4 nhi\u1ec1u n\u01b0\u1edbc nh\u1ea5t.<\/p>\n<p>H\u1eadu: R\u1ea5t l\u00e2u v\u00e0 ng\u1ecdt v\u1edbi s\u1ef1 \u1ea5m \u00e1p \u0111\u1eadm \u0111\u00e0<\/p>\n<p>Dung t\u00edch: 750 ml<\/p>\n<p>N\u1ed3ng \u0111\u1ed9: 40%<\/p>\n<p>Xu\u1ea5t X\u1ee9: Scotland<\/p>\n<p>Ph\u00f9 h\u1ee3p v\u1edbi: Bi\u1ebfu t\u1eb7ng ho\u1eb7c s\u1eed d\u1ee5ng trong c\u00e1c b\u1eefa ti\u1ec7c sang tr\u1ecdng<\/p>\n","protected":false},"excerpt":{"rendered":"<p>R\u01b0\u1ee3u Royal Salute Diamond Tribute: \u0110\u1ec3 m\u1eebng l\u1ec5 k\u1ef7 ni\u1ec7m 60 n\u0103m \u0111\u0103ng quang c\u1ee7a n\u1eef ho\u00e0ng Elizabeth v\u00e0 k\u1ef7 ni\u1ec7m 60 n\u0103m c\u1ee7a ch\u00ednh th\u01b0\u01a1ng hi\u1ec7u Royal Salute, Royal Salute Diamond Tribute \u0111\u00e3 \u0111\u01b0\u1ee3c ra \u0111\u1eddi \u0111\u1ec3\u00a0 th\u1ec3 hi\u1ec7n m\u1ed9t lo\u1ea1i whisky qu\u00fd gi\u00e1, \u0111\u1ea7y \u0111\u1eb3ng c\u1ea5p , c\u00f3 s\u1ef1 tinh khi\u1ebft v\u01b0\u1ee3t tr\u1ed9i v\u00e0 v\u1ecb tinh t\u1ebf, Royal Salute Diamond Tribute l\u00e0 m\u1ed9t s\u1ef1 b\u1ed5 sung m\u1edbi v\u00e0 l\u00e2u d\u00e0i cho nh\u00f3m Whisky xa x\u1ec9 h\u00e0ng \u0111\u1ea7u th\u1ebf gi\u1edbi.<\/p>\n","protected":false},"featured_media":211,"comment_status":"open","ping_status":"closed","template":"","meta":[],"_links":{"self":[{"href":"https:\/\/c422-phoruoungoai.com-vn.net\/index.php?rest_route=\/wp\/v2\/product\/220"}],"collection":[{"href":"https:\/\/c422-phoruoungoai.com-vn.net\/index.php?rest_route=\/wp\/v2\/product"}],"about":[{"href":"https:\/\/c422-phoruoungoai.com-vn.net\/index.php?rest_route=\/wp\/v2\/types\/product"}],"replies":[{"embeddable":true,"href":"https:\/\/c422-phoruoungoai.com-vn.net\/index.php?rest_route=%2Fwp%2Fv2%2Fcomments&post=220"}],"wp:featuredmedia":[{"embeddable":true,"href":"https:\/\/c422-phoruoungoai.com-vn.net\/index.php?rest_route=\/wp\/v2\/media\/211"}],"wp:attachment":[{"href":"https:\/\/c422-phoruoungoai.com-vn.net\/index.php?rest_route=%2Fwp%2Fv2%2Fmedia&parent=220"}],"curies":[{"name":"wp","href":"https:\/\/api.w.org\/{rel}","templated":true}]}}