{"id":221,"date":"2017-10-03T20:40:47","date_gmt":"2017-10-03T13:40:47","guid":{"rendered":"http:\/\/hungrt.raothue.com\/phoruoungoai\/?post_type=product&#038;p=221"},"modified":"2018-01-31T21:52:30","modified_gmt":"2018-01-31T14:52:30","slug":"ruou-vang-y-60-limited-edition-primitivo-di-manduria-3","status":"publish","type":"product","link":"https:\/\/c422-phoruoungoai.com-vn.net\/?product=ruou-vang-y-60-limited-edition-primitivo-di-manduria-3","title":{"rendered":"Chivas 62 Gun Salute"},"content":{"rendered":"<p>&#8211; R\u01b0\u1ee3u Chivas 62 Gun Salute \u0111\u01b0\u1ee3c t\u1ea1o ra b\u1edfi 4 ng\u01b0\u1eddi \u0111\u00e0n \u00f4ng c\u00f3 t\u1ea7m nh\u00ecn xa c\u1ee7a h\u00e3ng r\u01b0\u1ee3u Chivas Brothers l\u00e0 : Jimy Lang , Allan Baillie , Chartes v\u00e0 Colin Scott _ H\u1ecd \u0111\u00e3 t\u1ea1o ra lo\u1ea1i Whisky qu\u00fd hi\u1ebfm sang tr\u1ecdng b\u1eadc nh\u1ea5t<\/p>\n<p>&#8211; N\u1eb1m trong chai pha l\u00ea th\u1ee7 c\u00f4ng l\u00e0m b\u1edfi Dartington Crystal , N\u00fat Decanter v\u00e0 Nh\u00e3n ch\u00ednh c\u1ee7a Royal Slaute \u0111\u01b0\u1ee3c s\u01a1n b\u1eb1ng v\u00e0ng l\u1ecfng 24 carat gi\u1ed1ng nh\u01b0 m\u1ed9t chi\u1ebfc c\u1ed5 \u00e1o m\u1ea1 v\u00e0ng 24 Carat , v\u1edbi n\u00fat pha l\u00ea c\u1eaft kh\u00e9o l\u00e9o t\u1ea1o th\u00e0nh m\u1ed9t v\u01b0\u01a1ng mi\u1ec7n m\u1ea1 v\u00e0ng<\/p>\n<p>&#8211; Dung t\u00edch : 1 L\u00edt<\/p>\n<p>&#8211; M\u1ea7u : V\u00e0ng h\u1ed5 ph\u00e1ch<\/p>\n<p>&#8211; M\u00f9i : H\u01b0\u01a1ng hoa ng\u1eadp tr\u00e0n t\u1ea1o n\u00ean c\u1ea3m gi\u00e1c xa hoa , m\u00f9i M\u1eadn ch\u00edn k\u1ebft h\u1ee3p v\u1edbi m\u00f9i g\u1ed7 S\u1ed3i , m\u1ed9t ch\u00fat Socola \u0111en k\u1ebft h\u1ee3p v\u1edbi \u0111\u1ed9 s\u00e2u \u1ea5m \u00e1p c\u1ee7a Qu\u1ebf<\/p>\n<p>&#8211; V\u1ecb : V\u1ecb ng\u1ecdt nh\u1eb9 c\u1ee7a Cam , h\u00f2a quy\u1ec7n v\u1edbi \u0111\u1ed9 s\u00e2u c\u1ee7a r\u01b0\u1ee3u v\u00e0 h\u01b0\u01a1ng v\u1ecb c\u1ee7a g\u1ed7 S\u1ed3i , m\u1ed9t ch\u00fat v\u1ecb Kh\u00f3i<\/p>\n<p>&#8211; K\u1ebft th\u00fac : \u1ea4n t\u01b0\u01a1ng , k\u00e9o d\u00e0i s\u1ef1 xa hoa<\/p>\n<p>&#8211; Gi\u00e1 b\u00e1n l\u1ebb 2900 \u0111\u00f4la M\u1ef9 , phi\u00ean b\u1ea3n gi\u1edbi h\u1ea1n n\u00e0y b\u1eaft \u0111\u1ea7u \u0111\u01b0\u1ee3c b\u00e1n ra th\u1ecb tr\u01b0\u1eddng cu\u1ed1i n\u0103m 2010<\/p>\n","protected":false},"excerpt":{"rendered":"<p>R\u01b0\u1ee3u vang Chile Puro Huaso Family Selection Oak Barrel Aged \u0110\u1ea7y c\u00e1 t\u00ednh v\u00e0 quy\u1ebfn r\u0169 l\u00e0 nh\u1eefng n\u00e9t \u0111\u1eb7c tr\u01b0ng. Khi th\u01b0\u1edfng th\u1ee9c vang tho\u1ea1t ti\u00ean cho c\u1ea3m gi\u00e1c thanh tho\u00e1t, n\u1ec1n n\u00e3 v\u00e0 v\u00f4 c\u00f9ng m\u1ec1m m\u1ea1i. Nh\u01b0ng sau \u0111\u00f3 l\u1ea1i s\u00e2u s\u1eafc, \u0111\u1eadm \u0111\u00e0. Vang c\u00f3 s\u1ef1 h\u00f2a tr\u1ed9n kh\u00e9o l\u00e9o v\u00e0 tinh t\u1ebf c\u1ee7a nh\u1eefng h\u01b0\u01a1ng v\u1ecb kh\u00e1c nhau , r\u01b0\u1ee3u \u0111\u01b0\u1ee3c \u1ee7 trong th\u00f9ng g\u1ed7 s\u1ed3 Ph\u00e1p 24 th\u00e1ng, r\u01b0\u1ee3u \u0111\u01b0\u1ee3c \u0111\u00f3ng trong th\u00f9ng g\u1ed7 6 chai\/th\u00f9ng.<\/p>\n","protected":false},"featured_media":212,"comment_status":"open","ping_status":"closed","template":"","meta":[],"_links":{"self":[{"href":"https:\/\/c422-phoruoungoai.com-vn.net\/index.php?rest_route=\/wp\/v2\/product\/221"}],"collection":[{"href":"https:\/\/c422-phoruoungoai.com-vn.net\/index.php?rest_route=\/wp\/v2\/product"}],"about":[{"href":"https:\/\/c422-phoruoungoai.com-vn.net\/index.php?rest_route=\/wp\/v2\/types\/product"}],"replies":[{"embeddable":true,"href":"https:\/\/c422-phoruoungoai.com-vn.net\/index.php?rest_route=%2Fwp%2Fv2%2Fcomments&post=221"}],"wp:featuredmedia":[{"embeddable":true,"href":"https:\/\/c422-phoruoungoai.com-vn.net\/index.php?rest_route=\/wp\/v2\/media\/212"}],"wp:attachment":[{"href":"https:\/\/c422-phoruoungoai.com-vn.net\/index.php?rest_route=%2Fwp%2Fv2%2Fmedia&parent=221"}],"curies":[{"name":"wp","href":"https:\/\/api.w.org\/{rel}","templated":true}]}}