{"id":222,"date":"2017-10-03T20:41:00","date_gmt":"2017-10-03T13:41:00","guid":{"rendered":"http:\/\/hungrt.raothue.com\/phoruoungoai\/?post_type=product&#038;p=222"},"modified":"2018-01-31T21:52:38","modified_gmt":"2018-01-31T14:52:38","slug":"ruou-vang-y-60-limited-edition-primitivo-di-manduria-4","status":"publish","type":"product","link":"https:\/\/c422-phoruoungoai.com-vn.net\/?product=ruou-vang-y-60-limited-edition-primitivo-di-manduria-4","title":{"rendered":"Chivas Regal 12"},"content":{"rendered":"<p>&#8211; \u0110\u1ea7u n\u0103m 2016 , Pecnod Ricard \u0111\u00e3 nh\u1eadp kh\u1ea9u l\u00f4 h\u00e0ng r\u01b0\u1ee3u Chivas 12 _ Phi\u00ean b\u1ea3n 2016 . Vi\u1ec7c thay \u0111\u1ed5i h\u00ecnh th\u1ee9c b\u00ean ngo\u00e0i n\u00e0y c\u1ee7a Chivas 12 n\u0103m kh\u00f4ng ch\u1ec9 nh\u1eb1m \u0111\u1ed5i m\u1edbi s\u1ea3n ph\u1ea9m m\u00e0 c\u00f2n l\u00e0 ph\u01b0\u01a1ng ph\u00e1p ch\u1ed1ng h\u00e0ng gi\u1ea3 m\u1ed9t c\u00e1ch t\u1ed1t nh\u1ea5t<\/p>\n<p>&#8211; Theo ng\u01b0\u1eddi s\u00e1ng ch\u1ebf ra r\u01b0\u1ee3u Chivas th\u00ec :\u00a0<strong>R\u01b0\u1ee3u Chivas 12 n\u0103m tu\u1ed5i , \u0111\u00e2y ch\u00ednh l\u00e0 c\u00e1ch t\u1ed1t nh\u1ea5t \u0111\u1ec3 th\u01b0\u1edfng th\u1ee9c r\u01b0\u1ee3u Chivas v\u1edbi nh\u1eefng ng\u01b0\u1eddi b\u1ea1n t\u1ed1t\u00a0<\/strong>( Colin Scoot _ Chivas Master Blender )<\/p>\n<p>&#8211; R\u01b0\u1ee3u Chivas 12 thu\u1ed9c d\u00f2ng Whisky pha tr\u1ed9n ( Blend Whisky ) , l\u00e0 k\u1ebft qu\u1ea3 c\u1ee7a s\u1ef1 ph\u1ed1i tr\u00f4n c\u00e1c lo\u1ea1i r\u01b0\u1ee3u Whisky v\u1edbi nhau , v\u1edbi \u0111\u1ed9 tu\u1ed5i tr\u01b0\u1edfng th\u00e0nh c\u1ee7a r\u01b0\u1ee3u \u1edf trong nh\u1eefng th\u00f9ng g\u1ed7 S\u1ed3i \u00edt nh\u1ea5t l\u00e0 12 n\u0103m . N\u00f3i m\u1ed9t c\u00e1ch kh\u00e1c th\u00ec r\u01b0\u1ee3u Chivas 12 l\u00e0 s\u1ef1 pha tr\u1ed9n h\u00e0i h\u00f2a gi\u1eefa truy\u1ec1n th\u1ed1ng l\u00e2u \u0111\u1eddi v\u00e0 hi\u1ec7n \u0111\u1ea1i c\u1ee7a \u0111\u1ea5t n\u01b0\u1edbc Scotland \u0111\u1ec3 t\u1ea1o ra m\u00f4t lo\u1ea1i r\u01b0\u1ee3u Whisky pha tr\u1ed9n c\u00f3 th\u01b0\u01a1ng hi\u1ec7u n\u1ed5i ti\u1ebfng Th\u1ebf gi\u1edbi<\/p>\n<p>&#8211; R\u01b0\u1ee3u Chivas 12 n\u0103m &#8211; Kh\u1edfi ngu\u1ed3n c\u1ee7a d\u00f2ng r\u01b0\u1ee3u Chivas Th\u01b0\u01a1ng hi\u1ec7u , mang h\u01b0\u01a1ng v\u1ecb \u0111\u1eb7c tr\u01b0ng c\u1ee7a d\u00f2ng r\u01b0\u1ee3u Chivas Regal , m\u00e0 b\u1ea5t k\u1ef3 s\u1ea3n ph\u1ea9m n\u00e0o c\u1ee7a r\u01b0\u1ee3u Chivas n\u00e0o \u0111\u1ec1u ph\u1ea3ng ph\u1ea5t h\u01b0\u01a1ng v\u1ecb n\u00e0y . V\u1edbi h\u00ecnh d\u00e1ng chai th\u1ee7y tinh tr\u00f2n c\u1ed5 \u0111i\u1ec3n thu\u00f4n t\u1eeb tr\u00ean xu\u1ed1ng d\u01b0\u1edbi ph\u00ecnh to ra , Chivas 12 n\u0103m c\u00f3 m\u1ea7u v\u00e0ng h\u1ed5 ph\u00e1ch r\u1ea1ng r\u1ee1 , h\u01b0\u01a1ng v\u1ecb ng\u1ecdt ng\u00e0o , quy\u1ebfn r\u0169 , lan t\u1ecfa c\u1ee7a M\u1ea1ch nha , Socola , c\u00e2y Th\u1ea1ch nam \u0111\u1ed1t , M\u1eadt ong v\u00e0 Tr\u00e1i c\u00e2y v\u01b0\u1eddn th\u01a1m m\u00e1t<\/p>\n<p>&#8211; R\u01b0\u1ee3u Chivas 12 \u0111\u00e3 \u0111o\u1ea1t c\u00e1c gi\u1ea3i th\u01b0\u1edfng sau : Jim Murays Whisky Bible Awards ( N\u0103m 2009 v\u00e0 n\u0103m 2011 ) , Doble Gold San Francisco Comperation ( N\u0103m 2012 )<\/p>\n<p>&#8211; R\u01b0\u1ee3u Chivas 12 r\u1ea5t th\u00edc h\u1ee3p s\u1eed d\u1ee5ng trong c\u00e1c cu\u1ed9c vui sum h\u1ecdp b\u1ea1n b\u00e8 , l\u00e0m qu\u00e0 bi\u1ebfu cho ng\u01b0\u1eddi th\u00e2n , b\u1ea1n b\u00e8 v\u00e0 \u0111\u1ed1i t\u00e1c l\u00e0m \u0103n<\/p>\n<p>&#8211; R\u01b0\u1ee3u Chivas 12 _ V\u01b0\u1ee3t xa t\u1eeb \u0111\u1eb3ng c\u1ea5p<\/p>\n","protected":false},"excerpt":{"rendered":"<p>R\u01b0\u1ee3u vang Chile Puro Huaso Family Selection Oak Barrel Aged \u0110\u1ea7y c\u00e1 t\u00ednh v\u00e0 quy\u1ebfn r\u0169 l\u00e0 nh\u1eefng n\u00e9t \u0111\u1eb7c tr\u01b0ng. Khi th\u01b0\u1edfng th\u1ee9c vang tho\u1ea1t ti\u00ean cho c\u1ea3m gi\u00e1c thanh tho\u00e1t, n\u1ec1n n\u00e3 v\u00e0 v\u00f4 c\u00f9ng m\u1ec1m m\u1ea1i. Nh\u01b0ng sau \u0111\u00f3 l\u1ea1i s\u00e2u s\u1eafc, \u0111\u1eadm \u0111\u00e0. Vang c\u00f3 s\u1ef1 h\u00f2a tr\u1ed9n kh\u00e9o l\u00e9o v\u00e0 tinh t\u1ebf c\u1ee7a nh\u1eefng h\u01b0\u01a1ng v\u1ecb kh\u00e1c nhau , r\u01b0\u1ee3u \u0111\u01b0\u1ee3c \u1ee7 trong th\u00f9ng g\u1ed7 s\u1ed3 Ph\u00e1p 24 th\u00e1ng, r\u01b0\u1ee3u \u0111\u01b0\u1ee3c \u0111\u00f3ng trong th\u00f9ng g\u1ed7 6 chai\/th\u00f9ng.<\/p>\n","protected":false},"featured_media":213,"comment_status":"open","ping_status":"closed","template":"","meta":[],"_links":{"self":[{"href":"https:\/\/c422-phoruoungoai.com-vn.net\/index.php?rest_route=\/wp\/v2\/product\/222"}],"collection":[{"href":"https:\/\/c422-phoruoungoai.com-vn.net\/index.php?rest_route=\/wp\/v2\/product"}],"about":[{"href":"https:\/\/c422-phoruoungoai.com-vn.net\/index.php?rest_route=\/wp\/v2\/types\/product"}],"replies":[{"embeddable":true,"href":"https:\/\/c422-phoruoungoai.com-vn.net\/index.php?rest_route=%2Fwp%2Fv2%2Fcomments&post=222"}],"wp:featuredmedia":[{"embeddable":true,"href":"https:\/\/c422-phoruoungoai.com-vn.net\/index.php?rest_route=\/wp\/v2\/media\/213"}],"wp:attachment":[{"href":"https:\/\/c422-phoruoungoai.com-vn.net\/index.php?rest_route=%2Fwp%2Fv2%2Fmedia&parent=222"}],"curies":[{"name":"wp","href":"https:\/\/api.w.org\/{rel}","templated":true}]}}