{"id":223,"date":"2017-10-03T20:41:24","date_gmt":"2017-10-03T13:41:24","guid":{"rendered":"http:\/\/hungrt.raothue.com\/phoruoungoai\/?post_type=product&#038;p=223"},"modified":"2018-01-31T21:53:54","modified_gmt":"2018-01-31T14:53:54","slug":"ruou-vang-y-60-limited-edition-primitivo-di-manduria-5","status":"publish","type":"product","link":"https:\/\/c422-phoruoungoai.com-vn.net\/?product=ruou-vang-y-60-limited-edition-primitivo-di-manduria-5","title":{"rendered":"Bia Bush"},"content":{"rendered":"<p><span style=\"color: #000000; font-family: arial, helvetica, sans-serif; font-size: 12pt;\">Bia Bush\u00a0r\u1ea5t h\u1ee3p d\u00f9ng chung v\u1edbi th\u1ecbt g\u00e0, c\u00e1c m\u00f3n th\u1ecbt,\u00a0<span lang=\"VI\">th\u1ecbt th\u00fa s\u0103n (game)\u00a0<\/span>hay<span lang=\"VI\">\u00a0pate gan ng\u1ed7ng (foie gras)<\/span><span lang=\"VI\">\u00a0<\/span>v\u00e0 c\u00e1c lo\u1ea1i c\u00e1 c\u00f3 d\u1ea7u nh\u01b0 l\u01b0\u01a1n. K\u1ebft h\u1ee3p v\u1edbi pho m\u00e1t xanh hay pho m\u00e1t s\u1eefa c\u1eebu c\u0169ng l\u00e0 m\u1ed9t l\u1ef1a chon tuy\u1ec7t v\u1eddi. V\u00e0 m\u1eb9o cu\u1ed1i c\u00f9ng \u0111\u00f3 l\u00e0 h\u00e3y th\u1eed cho m\u1ed9t ch\u00fat bia Bush v\u00e0o s\u00f4c\u00f4la \u0111en n\u00f3ng \u2013 s\u1ebd r\u1ea5t tuy\u1ec7t v\u1eddi \u0111\u1ea5y.<\/span><\/p>\n<p><span style=\"color: #000000; font-family: arial, helvetica, sans-serif; font-size: 12pt;\">Bia Bush c\u00f3 v\u1ecb \u0111\u1eafng quy\u1ec7n v\u1edbi v\u1ecb ng\u1ecdt t\u1ea1o n\u00ean m\u1ed9t s\u1ef1 h\u00e0i h\u00f2a d\u1ec5 ch\u1ecbu, thanh nh\u00e3, \u0111\u00f3 l\u00e0 do s\u1ef1 c\u00e2n b\u1eb1ng c\u1ee7a m\u1ea1ch nha caramen. Th\u00eam v\u00e0o m\u00f9i v\u1ecb n\u1ed5i b\u1eadt c\u1ee7a bia Bush, nh\u1eefng lo\u1ea1i m\u1ea1ch nha n\u00e0y c\u0169ng t\u1ea1o n\u00ean m\u00f9iv\u1ecb \u0111\u1eb7c tr\u01b0ng c\u1ee7a qu\u1ea3 h\u1ea1nh rang. D\u00f9 \u0111\u00e3 tinh l\u1ecdc ngay t\u1eeb \u0111\u1ea7u, qu\u00e1 tr\u00ecnh l\u00ean men l\u1ea1i khi \u0111\u00e3 \u0111\u00f3ng chai t\u1ea1o cho bia m\u1ed9t l\u1edbp b\u1ecdt t\u1ef1 nhi\u00ean, \u0111\u1ed3ng th\u1eddi t\u1ea1o c\u1ea3m gi\u00e1c nh\u1eb9 nh\u00e0ng, d\u1ecbu nh\u1eb9 khi u\u1ed1ng.<\/span><\/p>\n<p><span style=\"color: #000000; font-family: arial, helvetica, sans-serif; font-size: 12pt;\">[\u0110\u00e1nh gi\u00e1 tr\u00ean trang Ratebeer]\u00a0<i>\u201cBia c\u00f3 m\u00e0u h\u1ed5 ph\u00e1ch v\u00e0 c\u00f3 b\u1ecd tm\u00e0u be r\u1ea5t \u0111\u1eb9p. H\u01b0\u01a1ng th\u01a1m tr\u00e1i c\u00e2y \u0111\u1eb7c tr\u01b0ng c\u00f9ng v\u1edbi m\u00f9i r\u01b0\u1ee3u c\u1ed3n. C\u00f3 th\u1ec3 c\u1ea3m nh\u1eadn r\u1ea5t r\u00f5 v\u1ecb qu\u1ea3 m\u01a1, v\u1ecb ng\u1ecdt, v\u1ecb c\u1ee7a caramen v\u00e0 c\u1ed3n.U\u1ed1ng xong s\u1ebd c\u00f3 c\u1ea3m gi\u00e1c \u1ea5m \u1ea5m d\u1ec5 ch\u1ecbu.\u201d<\/i><\/span><\/p>\n<p><span style=\"font-family: arial, helvetica, sans-serif; font-size: 12pt;\"><i><span style=\"color: #000000;\">\u201cBia c\u00f3 h\u01b0\u01a1ng m\u1ea1ch nha, caramen, nh\u01b0 h\u01b0\u01a1ng m\u1ea1ch nha c\u1ed5 \u0111i\u1ec3n, m\u00f9i gi\u1ed1ng k\u1eb9o m\u1ea1ch nha v\u00e0 m\u00f9i c\u1ed3n.C\u00f3 v\u1ecb ng\u1ecdt v\u00e0 \u0111\u1eafng h\u00f2a quy\u1ec7n v\u00e0 k\u00e9o d\u00e0i r\u1ea5t l\u00e2u, u\u1ed1ng xong s\u1ebd c\u1ea3m nh\u1eadn \u0111\u01b0\u1ee3c c\u00e1i n\u00f3ng ch\u00e1y c\u1ee7a r\u01b0\u1ee3u.\u201d<\/span><\/i><\/span><\/p>\n","protected":false},"excerpt":{"rendered":"<p>R\u01b0\u1ee3u vang Chile Puro Huaso Family Selection Oak Barrel Aged \u0110\u1ea7y c\u00e1 t\u00ednh v\u00e0 quy\u1ebfn r\u0169 l\u00e0 nh\u1eefng n\u00e9t \u0111\u1eb7c tr\u01b0ng. Khi th\u01b0\u1edfng th\u1ee9c vang tho\u1ea1t ti\u00ean cho c\u1ea3m gi\u00e1c thanh tho\u00e1t, n\u1ec1n n\u00e3 v\u00e0 v\u00f4 c\u00f9ng m\u1ec1m m\u1ea1i. Nh\u01b0ng sau \u0111\u00f3 l\u1ea1i s\u00e2u s\u1eafc, \u0111\u1eadm \u0111\u00e0. Vang c\u00f3 s\u1ef1 h\u00f2a tr\u1ed9n kh\u00e9o l\u00e9o v\u00e0 tinh t\u1ebf c\u1ee7a nh\u1eefng h\u01b0\u01a1ng v\u1ecb kh\u00e1c nhau , r\u01b0\u1ee3u \u0111\u01b0\u1ee3c \u1ee7 trong th\u00f9ng g\u1ed7 s\u1ed3 Ph\u00e1p 24 th\u00e1ng, r\u01b0\u1ee3u \u0111\u01b0\u1ee3c \u0111\u00f3ng trong th\u00f9ng g\u1ed7 6 chai\/th\u00f9ng.<\/p>\n","protected":false},"featured_media":214,"comment_status":"open","ping_status":"closed","template":"","meta":[],"_links":{"self":[{"href":"https:\/\/c422-phoruoungoai.com-vn.net\/index.php?rest_route=\/wp\/v2\/product\/223"}],"collection":[{"href":"https:\/\/c422-phoruoungoai.com-vn.net\/index.php?rest_route=\/wp\/v2\/product"}],"about":[{"href":"https:\/\/c422-phoruoungoai.com-vn.net\/index.php?rest_route=\/wp\/v2\/types\/product"}],"replies":[{"embeddable":true,"href":"https:\/\/c422-phoruoungoai.com-vn.net\/index.php?rest_route=%2Fwp%2Fv2%2Fcomments&post=223"}],"wp:featuredmedia":[{"embeddable":true,"href":"https:\/\/c422-phoruoungoai.com-vn.net\/index.php?rest_route=\/wp\/v2\/media\/214"}],"wp:attachment":[{"href":"https:\/\/c422-phoruoungoai.com-vn.net\/index.php?rest_route=%2Fwp%2Fv2%2Fmedia&parent=223"}],"curies":[{"name":"wp","href":"https:\/\/api.w.org\/{rel}","templated":true}]}}