{"id":224,"date":"2017-10-03T20:42:12","date_gmt":"2017-10-03T13:42:12","guid":{"rendered":"http:\/\/hungrt.raothue.com\/phoruoungoai\/?post_type=product&#038;p=224"},"modified":"2018-01-31T11:00:44","modified_gmt":"2018-01-31T04:00:44","slug":"ruou-vang-y-60-limited-edition-primitivo-di-manduria-6","status":"publish","type":"product","link":"https:\/\/c422-phoruoungoai.com-vn.net\/?product=ruou-vang-y-60-limited-edition-primitivo-di-manduria-6","title":{"rendered":"Chimay"},"content":{"rendered":"<p><a href=\"http:\/\/www.douongnhapkhau.com\/abc\" target=\"_blank\" rel=\"noopener\"><span style=\"color: #000000;\">Bia Chimay<\/span><\/a>\u00a0d\u01b0\u1eddng nh\u01b0 \u0111\u00e1p \u1ee9ng \u0111\u01b0\u1ee3c t\u1ea5t c\u1ea3 c\u00e1c y\u00eau c\u1ea7u kh\u1eaft khe c\u1ee7a ng\u01b0\u1eddi th\u01b0\u1edfng th\u1ee9c bia kh\u00f3 t\u00ednh nh\u1ea5t. \u0110\u1eadm \u0111\u00e0 h\u01a1n c\u00e1c lo\u1ea1i bia ph\u1ed5 bi\u1ebfn nh\u01b0ng \u0111\u1ed9 c\u1ed3n kh\u00f4ng n\u1eb7ng nh\u01b0 vang,\u00a0<b>bia Chimay<\/b>\u00a0v\u1eabn gi\u1eef \u0111\u01b0\u1ee3c nh\u1eefng n\u00e9t kh\u00e1c bi\u1ec7t b\u1edfi s\u1ef1 k\u1ebft h\u1ee3p gi\u1eefa men t\u01b0\u01a1i, tho\u1ea3ng h\u01b0\u01a1ng hoa h\u1ed3ng v\u00e0 v\u1ecb c\u1ee7a m\u1ea1ch nha rang.<\/p>\n<p>G\u1ecdi Chimay l\u00e0 bia c\u1ee7a tu s\u0129 kh\u00f4ng ph\u1ea3i l\u00e0 lo\u1ea1i bia ch\u1ec9 d\u00e0nh cho tu s\u0129 m\u00e0 l\u00e0 lo\u1ea1i bia \u0111\u01b0\u1ee3c c\u00e1c tu s\u0129 \u1edf\u00a0<b>tu vi\u1ec7n Scourmont\u00a0<\/b>(B\u1ec9) s\u1ea3n xu\u1ea5t t\u1eeb gi\u1eefa th\u1ebf k\u1ef7 19. H\u1ecd tu theo d\u00f2ng kh\u1ed5 h\u1ea1nh, kh\u00f4ng m\u00e0ng ti\u1ec1n b\u1ea1c, r\u1ea5t \u00edt n\u00f3i. H\u1ecd s\u1ea3n xu\u1ea5t bia v\u1edbi m\u1ee5c \u0111\u00edch l\u1ea5y kinh ph\u00ed \u0111\u1ec3 duy tr\u00ec d\u00f2ng tu v\u00e0 gi\u00fap \u0111\u1ee1 c\u1ed9ng \u0111\u1ed3ng t\u00f4n gi\u00e1o. Hi\u1ec7n tr\u00ean th\u1ebf gi\u1edbi ch\u1ec9 c\u00f3 kho\u1ea3ng\u00a0<b>8 nh\u00e0 m\u00e1y bia Trappist<\/b>\u00a0c\u00f2n ho\u1ea1t \u0111\u1ed9ng g\u1ed3m 6 nh\u00e0 m\u00e1y \u1edf B\u1ec9, 1 nh\u00e0 m\u00e1y \u1edf H\u00e0 Lan v\u00e0 1 nh\u00e0 m\u00e1y \u1edf \u0110\u1ee9c.<\/p>\n<p>Tuy l\u00e0 lo\u1ea1i bia \u0111\u01b0\u1ee3c tu s\u0129 s\u1ea3n xu\u1ea5t, nh\u01b0ng nh\u00e0 m\u00e1y s\u1ea3n xu\u1ea5t bia kh\u00f4ng gi\u1ed1ng nh\u01b0 nh\u1eefng h\u00ecnh \u1ea3nh ta th\u01b0\u1eddng t\u01b0\u1edfng t\u01b0\u1ee3ng v\u1ec1 c\u00e1c tu s\u0129 \u1edf Ch\u00e2u \u00c2u. Kh\u00f4ng c\u00f2n nh\u1eefng c\u0103n nh\u00e0 c\u0169, h\u1ea7m t\u1ed1i, th\u00f9ng r\u01b0\u1ee3u g\u1ed7 \u1ea9m m\u1ed1c&#8230;D\u00e2y chuy\u1ec1n s\u1ea3n xu\u1ea5t bia Chimay hi\u1ec7n nay \u0111\u01b0\u1ee3c hi\u1ec7n \u0111\u1ea1i h\u00f3a b\u1eb1ng m\u00e1y, s\u1ea1ch s\u1ebd v\u00e0 \u0111\u1ea3m b\u1ea3o ti\u00eau chu\u1ea9n nh\u01b0 t\u1ea5t c\u1ea3 c\u00e1c nh\u00e0 m\u00e1y bia tr\u00ean th\u1ebf gi\u1edbi. \u0110\u1ec3 \u0111\u1ea3m b\u1ea3o t\u00ednh \u0111\u1ed9c \u0111\u00e1o, bia Chimay kh\u00f4ng bao gi\u1edd chi ti\u1ec1n \u0111\u1ec3 qu\u1ea3ng c\u00e1o v\u00e0 ch\u1ec9 \u0111\u01b0\u1ee3c s\u1ea3n xu\u1ea5t trong c\u1ed9ng \u0111\u1ed3ng tu s\u0129 Trappist. M\u1ed7i m\u1ebb\u00a0<b><a href=\"http:\/\/www.douongnhapkhau.com\/abc\" target=\"_blank\" rel=\"noopener\"><span style=\"color: #000000;\">bia Chimay<\/span><\/a><\/b>\u00a0\u0111\u1ec1u \u0111\u01b0\u1ee3c c\u00e1c v\u1ecb tu s\u0129 ki\u1ec3m nghi\u1ec7m ch\u1ea5t l\u01b0\u1ee3ng k\u1ef9 l\u01b0\u1ee1ng ( v\u1ecb, b\u1ecdt, n\u1ed3ng \u0111\u1ed9&#8230;) tr\u01b0\u1edbc khi \u0111em \u0111i \u0111\u00f3ng chai. C\u00f3 nhi\u1ec1u ng\u01b0\u1eddi s\u00e0nh bia cho r\u1eb1ng v\u1ecb bia b\u00e2y gi\u1edd kh\u00f4ng c\u00f2n \u0111\u01b0\u1ee3c nh\u01b0 tr\u01b0\u1edbc, nh\u01b0ng so v\u1edbi nh\u1eefng d\u00f2ng bia hi\u1ec7n c\u00f3 tr\u00ean th\u1ecb tr\u01b0\u1eddng, bia Chimay c\u00f3 th\u1ec3 \u0111\u01b0\u1ee3c v\u00ed nh\u01b0 lo\u1ea1i bia \u0111\u1ebfn t\u1eeb thi\u00ean \u0111\u01b0\u1eddng.<\/p>\n<p>C\u0169ng nh\u01b0 c\u00e1c lo\u1ea1i bia B\u1ec9 kh\u00e1c, m\u1ed9t chai bia Chimay c\u00f3 th\u1ec3 b\u1ea3o qu\u1ea3n \u0111\u01b0\u1ee3c kho\u1ea3ng 5 n\u0103m trong \u0111i\u1ec1u ki\u1ec7n t\u1ed1t, kh\u00f4ng ti\u1ebfp x\u00fac tr\u1ef1c ti\u1ebfp v\u1edbi \u00e1nh s\u00e1ng. Ri\u00eang\u00a0<span style=\"color: #000000;\"><a href=\"http:\/\/www.douongnhapkhau.com\/abc\" target=\"_blank\" rel=\"noopener\">Chimay Blue<\/a>\u00a0<\/span>(bia Chimay xanh) c\u00f3 th\u1ec3 b\u1ea3o qu\u1ea3n \u0111\u01b0\u1ee3c 15 n\u0103m, \u0111\u1ec3 c\u00e0ng l\u00e2u c\u00e0ng ngon v\u00e0 c\u0169ng l\u00e0 lo\u1ea1i bia Chimay duy nh\u1ea5t c\u00f3 \u0111\u1ec3 n\u0103m s\u1ea3n xu\u1ea5t. V\u00ec \u0111\u01b0\u1ee3c \u1ee7 t\u1eeb men t\u01b0\u01a1i n\u00ean v\u1ecb bia c\u1ee7a l\u1ea7n r\u00f3t \u0111\u1ea7u ti\u00ean v\u00e0 ng\u1ee5m cu\u1ed1i c\u00f9ng s\u1ebd kh\u00e1c nhau do ti\u1ebfp x\u00fac v\u1edbi kh\u00f4ng kh\u00ed s\u1ebd l\u00e0m thay \u0111\u1ed5i h\u01b0\u01a1ng v\u1ecb. M\u1ed9t m\u1ebb Chimay s\u1ebd \u0111\u01b0\u1ee3c \u1ee7 kho\u1ea3ng 3 ng\u00e0y \u0111\u1ec3 ra \u0111\u1eddi\u00a0<a href=\"http:\/\/www.douongnhapkhau.com\/abc\/bia-chimay-do\" target=\"_blank\" rel=\"noopener\"><span style=\"color: #000000;\">Chimay \u0111\u1ecf<\/span><\/a>\u00a0&#8211; Red 7%, 4 ng\u00e0y \u0111\u1ec3 c\u00f3 \u0111\u01b0\u1ee3c\u00a0<a href=\"http:\/\/www.douongnhapkhau.com\/abc\/bia-chimay-xanh\" target=\"_blank\" rel=\"noopener\"><span style=\"color: #000000;\">Chimay Xanh<\/span><\/a>\u00a0(Chimay Blue) 9%.<\/p>\n","protected":false},"excerpt":{"rendered":"<p>R\u01b0\u1ee3u vang Chile Puro Huaso Family Selection Oak Barrel Aged \u0110\u1ea7y c\u00e1 t\u00ednh v\u00e0 quy\u1ebfn r\u0169 l\u00e0 nh\u1eefng n\u00e9t \u0111\u1eb7c tr\u01b0ng. Khi th\u01b0\u1edfng th\u1ee9c vang tho\u1ea1t ti\u00ean cho c\u1ea3m gi\u00e1c thanh tho\u00e1t, n\u1ec1n n\u00e3 v\u00e0 v\u00f4 c\u00f9ng m\u1ec1m m\u1ea1i. Nh\u01b0ng sau \u0111\u00f3 l\u1ea1i s\u00e2u s\u1eafc, \u0111\u1eadm \u0111\u00e0. Vang c\u00f3 s\u1ef1 h\u00f2a tr\u1ed9n kh\u00e9o l\u00e9o v\u00e0 tinh t\u1ebf c\u1ee7a nh\u1eefng h\u01b0\u01a1ng v\u1ecb kh\u00e1c nhau , r\u01b0\u1ee3u \u0111\u01b0\u1ee3c \u1ee7 trong th\u00f9ng g\u1ed7 s\u1ed3 Ph\u00e1p 24 th\u00e1ng, r\u01b0\u1ee3u \u0111\u01b0\u1ee3c \u0111\u00f3ng trong th\u00f9ng g\u1ed7 6 chai\/th\u00f9ng.<\/p>\n","protected":false},"featured_media":215,"comment_status":"open","ping_status":"closed","template":"","meta":[],"_links":{"self":[{"href":"https:\/\/c422-phoruoungoai.com-vn.net\/index.php?rest_route=\/wp\/v2\/product\/224"}],"collection":[{"href":"https:\/\/c422-phoruoungoai.com-vn.net\/index.php?rest_route=\/wp\/v2\/product"}],"about":[{"href":"https:\/\/c422-phoruoungoai.com-vn.net\/index.php?rest_route=\/wp\/v2\/types\/product"}],"replies":[{"embeddable":true,"href":"https:\/\/c422-phoruoungoai.com-vn.net\/index.php?rest_route=%2Fwp%2Fv2%2Fcomments&post=224"}],"wp:featuredmedia":[{"embeddable":true,"href":"https:\/\/c422-phoruoungoai.com-vn.net\/index.php?rest_route=\/wp\/v2\/media\/215"}],"wp:attachment":[{"href":"https:\/\/c422-phoruoungoai.com-vn.net\/index.php?rest_route=%2Fwp%2Fv2%2Fmedia&parent=224"}],"curies":[{"name":"wp","href":"https:\/\/api.w.org\/{rel}","templated":true}]}}