{"id":225,"date":"2017-10-03T20:42:24","date_gmt":"2017-10-03T13:42:24","guid":{"rendered":"http:\/\/hungrt.raothue.com\/phoruoungoai\/?post_type=product&#038;p=225"},"modified":"2018-01-31T11:00:18","modified_gmt":"2018-01-31T04:00:18","slug":"ruou-vang-y-60-limited-edition-primitivo-di-manduria-7","status":"publish","type":"product","link":"https:\/\/c422-phoruoungoai.com-vn.net\/?product=ruou-vang-y-60-limited-edition-primitivo-di-manduria-7","title":{"rendered":"Gulden Draak 9000 Quadruple"},"content":{"rendered":"<p>C\u00f4ng th\u1ee9c m\u1edbi, ba lo\u1ea1i m\u1ea1ch nha \u0111\u01b0\u1ee3c d\u00f9ng \u1ee7 bia g\u1ea5p 4 l\u1ea7n l\u01b0\u1ee3ng m\u1ea1ch nha \u0111\u01b0\u1ee3c d\u00f9ng \u0111\u1ec3 s\u1ea3n xu\u1ea5t bia lager, t\u1ea1o cho bia m\u00e0u h\u1ed5 ph\u00e1ch v\u00e0ng v\u00e0 h\u01b0\u01a1ng th\u01a1m hoa qu\u1ea3. C\u00f9ng v\u1edbi h\u01b0\u01a1ng v\u1ecb ng\u1ecdt nh\u1eb9 v\u00e0 m\u1ecbn m\u00e0ng, lo\u1ea1i bia n\u00e0y c\u00f3 m\u1ed9t h\u01b0\u01a1ng th\u01a1m ho\u00e0n h\u1ea3o tuy\u1ec7t v\u1eddi.<\/p>\n<p>C\u0169ng gi\u1ed1ng nh\u01b0 c\u00e1c lo\u1ea1i bia \u0111\u1eb7c s\u1ea3n c\u1ee7a Nh\u00e0 m\u00e1y bia Van Steenberge,\u00a0<b>Gulden Draak 9000 Quad<\/b>\u00a0l\u00e0 lo\u1ea1i bia c\u00f3 \u0111\u1ed9 l\u00ean men cao v\u1edbi qu\u00e1 tr\u00ecnh l\u00ean men l\u1ea7n hai \u0111\u01b0\u1ee3c th\u1ef1c hi\u1ec7n trong chai. Men r\u01b0\u1ee3u \u0111\u01b0\u1ee3c s\u1eed d\u1ee5ng \u1edf l\u1ea7n l\u00ean men l\u1ea7n hai c\u0169ng l\u00e0 m\u1ed9t nguy\u00ean li\u1ec7u quan tr\u1ecdng \u0111\u00f3ng g\u00f3p v\u00e0o h\u01b0\u01a1ng v\u1ecb tuy\u1ec7t v\u1eddi c\u1ee7a th\u1ee9 bia n\u00e0y.<\/p>\n<p><b>2. \u0110\u1eb7c t\u00ednh bia<\/b><\/p>\n<p><b><span lang=\"EN-US\">N\u1ed3ng \u0111\u1ed9 c\u1ed3n<\/span><\/b><\/p>\n<p><span lang=\"EN-US\">10,5% ABV<\/span><\/p>\n<p><span lang=\"EN-US\"><b>L\u00ean men<\/b><\/span><\/p>\n<p><span lang=\"EN-US\">Bia c\u00f3 \u0111\u1ed9 l\u00ean men cao v\u00e0 th\u1ef1c hi\u1ec7n l\u00ean men l\u1ea7n hai trong chai.<\/span><\/p>\n<p><b><span lang=\"EN-US\">M\u00e0u s\u1eafc<\/span><\/b><\/p>\n<p><span lang=\"EN-US\">Bia Gulden Draak 9000 Quad c\u00f3 m\u00e0u h\u1ed5 ph\u00e1ch s\u1eabm<\/span><\/p>\n<p><b><span lang=\"EN-US\">H\u01b0\u01a1ng v\u1ecb<\/span><\/b><\/p>\n<p><span lang=\"EN-US\">C\u00f3 h\u01b0\u01a1ng v\u1ecb t\u00e1o v\u00e0 l\u00ea gi\u00f2n. Sau \u0111\u00f3 chuy\u1ec3n \u0111\u1ed5i th\u00e0nh h\u01b0\u01a1ng v\u1ecb c\u1ee7a c\u00e2y \u0111inh h\u01b0\u01a1ng v\u00e0 m\u00f9i c\u1ed3n nh\u1eb9.<\/span><\/p>\n<p><b>3. C\u00e1ch th\u01b0\u1edfng th\u1ee9c bia<\/b><\/p>\n<p><span lang=\"EN-US\"><b>Nhi\u1ec7t \u0111\u1ed9 l\u00ed t\u01b0\u1edfng<\/b>\u00a0\u0111\u1ec3 th\u01b0\u1edfng th\u1ee9c bia:\u00a0<\/span>10 &#8211; 12 \u00b0C\u00a0<span lang=\"EN-US\">ho\u1eb7c<\/span>\u00a050 \u2013 56.6 \u00b0F<\/p>\n<p><span lang=\"EN-US\"><b>C\u1ed1c u\u1ed1ng bia<\/b><\/span><\/p>\n<p><span lang=\"EN-US\"><b>N\u01b0\u1edbc bia Gulden Draak<\/b>\u00a0\u0111\u1eb9p nh\u1ea5t khi n\u1eb1m trong chi\u1ebfc c\u1ed1c \u0111\u1eb7c bi\u1ec7t v\u00e0 \u0111\u1ed9c \u0111\u00e1o \u0111\u01b0\u1ee3c thi\u1ebft k\u1ebf d\u00e0nh ri\u00eang cho bia, tr\u00ean th\u00e2n c\u1ed1c c\u00f3 h\u00ecnh con r\u1ed3ng \u0111\u01b0\u1ee3c \u0111\u1eb7t tr\u00ean m\u1ed9t h\u00f2n \u0111\u00e1. Chai bia m\u00e0u \u0111en c\u0169ng ch\u00ednh l\u00e0 m\u1ed9t \u0111i\u1ec3m n\u1ed5i b\u1eadt c\u1ee7a bia, tr\u00ean th\u00e2n chai c\u00f3 bi\u1ec3u t\u01b0\u1ee3ng con r\u1ed3ng v\u00e0ng gi\u1ed1ng nh\u01b0 tr\u00ean chai bia Gulden Draak g\u1ed1c.<\/span><\/p>\n<p><b><span lang=\"EN-US\">\u0110\u1ed3 \u0103n k\u00e8m<\/span><\/b><\/p>\n<p><span lang=\"EN-US\">K\u1ebft h\u1ee3p tuy\u1ec7t v\u1eddi v\u1edbi c\u00e1c lo\u1ea1i ph\u00f4-mai b\u01a1 nh\u01b0 Brie, Gouda, Havarti, Swiss, v\u00e0 ph\u00f4 mai s\u1eafc nh\u01b0 Blue v\u00e0 Cheddar. U\u1ed1ng c\u00f9ng th\u1ecbt b\u00f2, th\u1ecbt n\u01b0\u1edbng, v\u00e0 th\u1ecbt th\u00fa r\u1eebng s\u1ebd r\u1ea5t tuy\u1ec7t v\u1eddi.<\/span><\/p>\n","protected":false},"excerpt":{"rendered":"<p><b>Bia Gulden Draak<\/b>\u00a0(10,5%) l\u00e0 lo\u1ea1i bia v\u01b0\u1ee3t tr\u1ed9i c\u1ee7a d\u00f2ng bia Triple m\u00e0u s\u1eabm. Sau 25 n\u0103m th\u00e0nh c\u00f4ng vang d\u1ed9i, s\u1ea3n ph\u1ea9m m\u1edbi mang t\u00ean\u00a0<b>Gulden Draak 9000 Quadruple<\/b>\u00a0\u0111\u01b0\u1ee3c th\u00eam v\u00e0o d\u00f2ng s\u1ea3n ph\u1ea9m n\u00e0y. Ta c\u0169ng t\u00ecm th\u1ea5y \u1edf bia Gulden Draak 9000 Quad h\u01b0\u01a1ng v\u1ecb \u0111\u1eadm \u0111\u00e0 v\u00e0 l\u1edbp b\u1ecdt bia m\u1ec1m m\u1ecbn v\u00e0 l\u00e2u tan.<\/p>\n","protected":false},"featured_media":216,"comment_status":"open","ping_status":"closed","template":"","meta":[],"_links":{"self":[{"href":"https:\/\/c422-phoruoungoai.com-vn.net\/index.php?rest_route=\/wp\/v2\/product\/225"}],"collection":[{"href":"https:\/\/c422-phoruoungoai.com-vn.net\/index.php?rest_route=\/wp\/v2\/product"}],"about":[{"href":"https:\/\/c422-phoruoungoai.com-vn.net\/index.php?rest_route=\/wp\/v2\/types\/product"}],"replies":[{"embeddable":true,"href":"https:\/\/c422-phoruoungoai.com-vn.net\/index.php?rest_route=%2Fwp%2Fv2%2Fcomments&post=225"}],"wp:featuredmedia":[{"embeddable":true,"href":"https:\/\/c422-phoruoungoai.com-vn.net\/index.php?rest_route=\/wp\/v2\/media\/216"}],"wp:attachment":[{"href":"https:\/\/c422-phoruoungoai.com-vn.net\/index.php?rest_route=%2Fwp%2Fv2%2Fmedia&parent=225"}],"curies":[{"name":"wp","href":"https:\/\/api.w.org\/{rel}","templated":true}]}}