{"id":226,"date":"2017-10-03T20:42:27","date_gmt":"2017-10-03T13:42:27","guid":{"rendered":"http:\/\/hungrt.raothue.com\/phoruoungoai\/?post_type=product&#038;p=226"},"modified":"2018-01-31T21:59:47","modified_gmt":"2018-01-31T14:59:47","slug":"ruou-vang-y-60-limited-edition-primitivo-di-manduria-8","status":"publish","type":"product","link":"https:\/\/c422-phoruoungoai.com-vn.net\/?product=ruou-vang-y-60-limited-edition-primitivo-di-manduria-8","title":{"rendered":"Gulden Draak"},"content":{"rendered":"<p><span lang=\"EN-US\"><b>Bia Gulden Draak<\/b>\u00a0\u0111\u01b0\u1ee3c s\u1ea3n xu\u1ea5t l\u00e0 nh\u1edd c\u00f3 lo\u1ea1t bia s\u1ea3n xu\u1ea5t ch\u1ec9 m\u1ed9t l\u1ea7n do ch\u1ec9 th\u1ecb c\u1ee7a th\u1ecb tr\u01b0\u1edfng Evergem. N\u00f3 \u0111\u01b0\u1ee3c \u0111\u01b0a v\u00e0o d\u00e2y chuy\u1ec1n c\u1ed1 \u0111\u1ecbnh c\u1ee7a nh\u00e0 m\u00e1y khi c\u00e1c v\u1ecb kh\u00e1ch ng\u01b0\u1eddi \u00dd n\u1ebfm th\u1eed v\u00e0 y\u00eau th\u00edch \u0111\u1ebfn m\u1ee9c h\u1ecd r\u1ea5t mong m\u1ecfi nh\u00e0 m\u00e1y ti\u1ebfp t\u1ee5c s\u1ea3n xu\u1ea5t lo\u1ea1i bia n\u00e0y.<\/span><\/p>\n<p><span lang=\"EN-US\">M\u1ed9t \u0111i\u1ec1u r\u1ea5t ch\u1eafc ch\u1eafn v\u1edbi\u00a0<b>bia Gulden Draak<\/b>\u00a0\u0111\u00f3 l\u00e0, n\u00f3 n\u1ed5i b\u1eadt gi\u1eefa nh\u1eefng lo\u1ea1i bia kh\u00e1c v\u1edbi chi\u1ebfc v\u1ecf chai m\u00e0u tr\u1eafng m\u1edd, tr\u00ean th\u00e2n chai c\u00f3 h\u00ecnh r\u1ed3ng v\u00e0ng. Truy\u1ec1n thuy\u1ebft k\u1ec3 r\u1eb1ng, chi\u1ebfc t\u01b0\u1ee3ng con r\u1ed3ng v\u00e0ng (Golden Dragon) l\u00e0 m\u1ed9t h\u00ecnh t\u01b0\u1ee3ng b\u00f9 nh\u00ecn tr\u00ean con t\u00e0u d\u00e0i do vua Na-uy &#8211;\u00a0<\/span>Sigrid Magnusson<span lang=\"EN-US\">\u00a0&#8211; s\u1eed d\u1ee5ng trong m\u1ed9t cu\u1ed9c vi\u1ec5n chinh v\u00e0o n\u0103m 1111.<\/span><\/p>\n<p><span lang=\"EN-US\">Chuy\u1ec7n k\u1ec3 r\u1eb1ng b\u1ee9c t\u01b0\u1ee3ng t\u1ea1c n\u00e0y \u0111\u00e3 c\u00f3 m\u1ed9t chuy\u1ebfn h\u00e0nh tr\u00ecnh t\u1eeb\u00a0<\/span>Constantinople (Istanbul)<span lang=\"EN-US\">\u00a0t\u1edbi \u0111\u1ed7 \u1edf Bruges.<\/span><\/p>\n<p><span lang=\"EN-US\">Con r\u1ed3ng t\u1ea1c \u0111\u01b0\u1ee3c l\u00e0m v\u00e0o n\u0103m 1377, do y\u00eau c\u1ea7u c\u1ee7a H\u1ed9i \u0111\u1ed3ng th\u00e0nh ph\u1ed1 Ghent, B\u1ec9. Chi\u1ebfc t\u01b0\u1ee3ng canh gi\u1eef th\u00e0nh ph\u1ed1 t\u1eeb v\u1ecb tr\u00ed c\u1ee7a m\u00ecnh l\u00e0 tr\u00ean \u0111\u1ec9nh th\u00e1p chu\u00f4ng k\u1ec3 t\u1eeb \u0111\u00f3. C\u00f2n r\u1ed3ng c\u1ee7a th\u00e0nh ph\u1ed1 Ghent d\u00e0i 3,55m, r\u1ed9ng 1,5m, cao 1,8m v\u00e0 n\u1eb7ng 398 kg v\u00e0 chi\u1ebfc t\u01b0\u1ee3ng r\u1ed3ng n\u00e0y kh\u00f4ng c\u00f3 ch\u00e2n.\u00a0<\/span>Tr\u00e1i l\u1ea1i, tr\u00ean chi\u1ebfc\u00a0<b>c\u1ed1c bia Gulden Draak<\/b>, con r\u1ed3ng l\u1ea1i c\u00f3 r\u1ea5t nhi\u1ec1u ch\u00e2n.<\/p>\n<p>Gulden Draak l\u00e0 ki\u1ec3u bia triple s\u1eabm m\u00e0u. Men r\u01b0\u1ee3u \u0111\u01b0\u1ee3c s\u1eed d\u1ee5ng \u0111\u1ec3 b\u1eaft \u0111\u1ea7u qu\u00e1 tr\u00ecnh l\u00ean men l\u1ea1i v\u00e0 \u0111\u00f3 ch\u00ednh l\u00e0 l\u00ed do t\u1ea1i sao r\u01b0\u1ee3u l\u00faa m\u1ea1ch \u0111\u00f4i khi \u0111\u01b0\u1ee3c s\u1eed d\u1ee5ng.\u00a0<b>Bia Gulden Draak<\/b>\u00a0c\u0169ng c\u00f3 \u1edf d\u1ea1ng quadrupel,\u00a0<b>bia Gulden Draak 9000.<\/b><\/p>\n<p><b><span lang=\"EN-US\">2. \u0110\u1eb7c t\u00ednh bia\u00a0<\/span><\/b><\/p>\n<p><b><span lang=\"EN-US\">N\u1ed3ng \u0111\u1ed9 c\u1ed3n<\/span><\/b><\/p>\n<p><span lang=\"EN-US\">10,5% ABV<\/span><\/p>\n<p><b><span lang=\"EN-US\">L\u00ean men<\/span><\/b><\/p>\n<p><span lang=\"EN-US\">S\u1eed d\u1ee5ng ph\u01b0\u01a1ng ph\u00e1p l\u00ean men m\u1eb7t tr\u00ean v\u00e0 th\u1ef1c hi\u1ec7n qu\u00e1 tr\u00ecnh l\u00ean men l\u1ea1i trong chai<\/span><\/p>\n<p><b><span lang=\"EN-US\">Th\u00e0nh ph\u1ea7n<\/span><\/b><\/p>\n<p><span lang=\"EN-US\">Bia Gulden Draak\u00a0\u0111\u01b0\u1ee3c \u1ee7 v\u1edbi nh\u1eefng nguy\u00ean li\u1ec7u thi\u00ean nhi\u00ean nh\u01b0 n\u01b0\u1edbc, men,<\/span>\u00a0m\u1ea1ch nha\u00a0v\u00e0 hoa bia.<\/p>\n<p><b><span lang=\"EN-US\">M\u00e0u s\u1eafc v\u00e0 \u0111\u1ed9 tinh khi\u1ebft<\/span><\/b><\/p>\n<p><span lang=\"EN-US\">Bia Gulden Draak\u00a0c\u00f3 m\u00e0u \u0111\u1ed3ng s\u1eabm r\u1ea5t \u0111\u1eb9p. Khi \u0111\u01b0\u1ee3c r\u00f3t \u0111\u00fang c\u00e1ch trong m\u1ed9t chi\u1ebfc c\u1ed1c s\u1ea1ch s\u1ebd v\u00e0 kh\u00f4 r\u00e1o, n\u01b0\u1edbc bia s\u1ee7i b\u1ecdt \u0111\u1eb9p v\u00e0 s\u00e1ng nh\u01b0 ng\u1ecdc trai n\u1eb1m d\u01b0\u1edbi l\u1edbp b\u1ecdt bia c\u00f3 m\u00e0u caramen m\u1ecbn nh\u01b0 kem, d\u00e0y v\u00e0 l\u00e2u tan.<\/span><\/p>\n<p><b><span lang=\"EN-US\">B\u1ea3o qu\u1ea3n v\u00e0 c\u1ea5t tr\u1eef<\/span><\/b><\/p>\n<p><span lang=\"EN-US\">Nh\u00e3n chai ghi r\u00f5 bia \u0111\u01b0\u1ee3c d\u1ef1 tr\u1eef kho\u1ea3ng 24 th\u00e1ng trong chai v\u00e0 12 th\u00e1ng khi \u1edf trong th\u00f9ng. Qu\u00e1 tr\u00ecnh l\u00ean men l\u1ea1i trong chai ngh\u0129a l\u00e0, bia c\u00e0ng \u0111\u01b0\u1ee3c gi\u1eef trong chai l\u00e2u th\u00ec h\u01b0\u01a1ng v\u1ecb c\u1ee7a bia l\u1ea1i c\u00e0ng bi\u1ebfn \u0111\u1ed5i nhi\u1ec1u. Tuy nhi\u00ean, \u0111i\u1ec1u \u0111\u00f3 c\u0169ng kh\u00f4ng c\u00f3 ngh\u0129a l\u00e0 b\u1ea1n ph\u1ea3i tr\u1eef bia c\u1ea3 th\u1eadp k\u1ef7, n\u00f3 kh\u00f4ng ph\u1ea3i bia G<\/span>ueuze<span lang=\"EN-US\">\u00a0(s\u1ef1 pha tr\u1ed9n c\u1ee7a hai hay nhi\u1ec1u lo\u1ea1i bia Lambic, t\u1ea1o ra m\u1ed9t lo\u1ea1i bia s\u00f3ng s\u00e1nh nh\u01b0 Champaign). B\u1ea3o qu\u1ea3n bia trong m\u00f4i tr\u01b0\u1eddng kh\u00f4 r\u00e1o, tho\u00e1ng m\u00e1t v\u00e0 trong b\u00f3ng t\u1ed1i \u0111\u1ec3 t\u1ed1i \u01b0u h\u00f3a vi\u1ec7c b\u1ea3o qu\u1ea3n (chai nh\u1ecf d\u1ef1ng \u0111\u1ee9ng c\u00f2n chai to th\u00ec \u0111\u1eb7t n\u1eb1m)<\/span><\/p>\n<p><b><span lang=\"EN-US\">3. H\u01b0\u01a1ng v\u1ecb<\/span><\/b><\/p>\n<p><span lang=\"EN-US\">Bia Gulden Draak l\u00e0 m\u1ed9t th\u1ee9c u\u1ed1ng gi\u1ea3i kh\u00e1t tuy\u1ec7t v\u1eddi, v\u00e0 c\u0169ng l\u00e0 lo\u1ea1i bia th\u01b0\u1edfng th\u1ee9c \u0111\u1eadm \u0111\u00e0 v\u00e0 c\u00e2n b\u1eb1ng. Bia c\u00f3 h\u01b0\u01a1ng th\u01a1m hoa qu\u1ea3, \u0111\u00f3 l\u00e0 h\u01b0\u01a1ng qu\u1ea3 t\u00e1o v\u00e0 anh \u0111\u00e0o, v\u00e0 h\u01b0\u01a1ng th\u01a1m c\u1ee7a v\u1ecf cam.<\/span><\/p>\n<p><span lang=\"EN-US\">Ng\u01b0\u01a1i u\u1ed1ng c\u1ea3m nh\u1eadn r\u00f5 r\u00e0ng h\u01b0\u01a1ng v\u1ecb caramen, k\u1eb9o b\u01a1, m\u1ea1ch nha rang v\u00e0 h\u01b0\u01a1ng c\u00e0 ph\u00ea, sau \u0111\u00f3 l\u00e0 v\u1ecb ng\u1ecdt \u0111\u1eafng k\u00e9o d\u00e0i trong mi\u1ec7ng. L\u01b0\u1ee3ng c\u1ed3n trong bia v\u1eeba \u0111\u1ee7 \u0111\u1ec3 t\u1ea1o \u0111\u1ed9 s\u00e1ng nh\u1eb9 cho bia.<\/span><\/p>\n<p><b>4. C\u00e1ch th\u01b0\u1edfng th\u1ee9c bia<\/b><\/p>\n<p><span lang=\"EN-US\"><b>Nhi\u1ec7t \u0111\u1ed9 l\u00ed t\u01b0\u1edfng<\/b>\u00a0\u0111\u1ec3 th\u01b0\u1edfng th\u1ee9c bia:\u00a0<\/span>10 &#8211; 12 \u00b0C\u00a0<span lang=\"EN-US\">ho\u1eb7c<\/span>\u00a050 \u2013 56.6 \u00b0F<\/p>\n<p><span lang=\"EN-US\"><b>C\u1ed1c u\u1ed1ng bia<\/b><\/span><\/p>\n<p><span lang=\"EN-US\">N\u01b0\u1edbc bia Gulden Draak \u0111\u1eb9p nh\u1ea5t khi n\u1eb1m trong chi\u1ebfc c\u1ed1c \u0111\u1eb7c bi\u1ec7t v\u00e0 \u0111\u1ed9c \u0111\u00e1o \u0111\u01b0\u1ee3c thi\u1ebft k\u1ebf d\u00e0nh ri\u00eang cho bia, tr\u00ean th\u00e2n c\u1ed1c c\u00f3\u00a0h\u00ecnh tr\u1ee9ng r\u1ed3ng\u00a0\u0111\u01b0\u1ee3c \u0111\u1eb7t tr\u00ean m\u1ed9t h\u00f2n \u0111\u00e1. Chai bia m\u00e0u tr\u1eafng \u0111\u1ee5c c\u0169ng l\u00e0 m\u1ed9t \u0111i\u1ec3m n\u1ed5i b\u1eadt, c\u00f3 bi\u1ec3u t\u01b0\u1ee3ng con r\u1ed3ng v\u00e0ng trong ng\u1ecdn l\u1eeda.<\/span><\/p>\n<p><b><span lang=\"EN-US\">\u0110\u1ed3 \u0103n k\u00e8m\/ D\u00f9ng bia trong n\u1ea5u n\u01b0\u1edbng<\/span><\/b><\/p>\n<p><span lang=\"EN-US\">Bia Gulden Draak \u0111\u01b0\u1ee3c d\u00f9ng nh\u01b0 m\u1ed9t th\u1ee9c u\u1ed1ng khai v\u1ecb ho\u1eb7c th\u1ee9c u\u1ed1ng t\u1ed1t cho ti\u00eau h\u00f3a. \u0110\u00e2y c\u00f3 th\u1ec3 \u0111\u01b0\u1ee3c coi l\u00e0 m\u1ed9t th\u1ee9c u\u1ed1ng thay th\u1ebf ho\u00e0n h\u1ea3o cho r\u01b0\u1ee3u Whisky \u1edf Irish Coffee.<\/span><\/p>\n<p>Bia c\u00f3 th\u1ec3 k\u1ebft h\u1ee3p v\u1edbi t\u1ea5t c\u1ea3 c\u00e1c m\u00f3n h\u1ea5p, \u0111\u1eb7c bi\u1ec7t l\u00e0 m\u00f3n h\u1ea5p c\u1ee7a Flanders \u2013 \u2018Stoverij\u2019, bia c\u00f3 th\u1ec3 \u0111\u01b0\u1ee3c d\u00f9ng \u0111\u1ec3 th\u00eam v\u00e0o n\u01b0\u1edbc s\u1ed1t c\u00e1c lo\u1ea1i th\u1ecbt \u0111\u1ecf nh\u01b0 l\u00e0 n\u01b0\u1edbc s\u1ed1t bordelaise (g\u1ea7n gi\u1ed1ng n\u01b0\u1edbc s\u1ed1t r\u01b0\u1ee3u vang), v\u00e0 c\u0169ng r\u1ea5t ho\u00e0n h\u1ea3o khi k\u1ebft h\u1ee3p v\u1edbi ph\u00f4-mai g\u00e2n xanh c\u1ee7a B\u1ec9, v\u00ed d\u1ee5 nh\u01b0 ph\u00f4-mai Pas de Bleu t\u1eeb x\u1ee9 Ghent, ph\u00f4-mai Achelse Blauwe (Grev).enbroecker) ho\u1eb7c ph\u00f4 mai Roquefort (Ph\u00e1p). N\u1ebfu d\u00f9ng nh\u01b0 m\u1ed9t m\u00f3n tr\u00e1ng mi\u1ec7ng, m\u1ed9t m\u1eb9o tuy\u1ec7t v\u1eddi l\u00e0 k\u1ebft h\u1ee3p u\u1ed1ng bia v\u1edbi s\u00f4-c\u00f4-la B\u1ec9, ngon tuy\u1ec7t h\u1ea3o!<\/p>\n","protected":false},"excerpt":{"rendered":"<p>R\u01b0\u1ee3u vang Chile Puro Huaso Family Selection Oak Barrel Aged \u0110\u1ea7y c\u00e1 t\u00ednh v\u00e0 quy\u1ebfn r\u0169 l\u00e0 nh\u1eefng n\u00e9t \u0111\u1eb7c tr\u01b0ng. Khi th\u01b0\u1edfng th\u1ee9c vang tho\u1ea1t ti\u00ean cho c\u1ea3m gi\u00e1c thanh tho\u00e1t, n\u1ec1n n\u00e3 v\u00e0 v\u00f4 c\u00f9ng m\u1ec1m m\u1ea1i. Nh\u01b0ng sau \u0111\u00f3 l\u1ea1i s\u00e2u s\u1eafc, \u0111\u1eadm \u0111\u00e0. Vang c\u00f3 s\u1ef1 h\u00f2a tr\u1ed9n kh\u00e9o l\u00e9o v\u00e0 tinh t\u1ebf c\u1ee7a nh\u1eefng h\u01b0\u01a1ng v\u1ecb kh\u00e1c nhau , r\u01b0\u1ee3u \u0111\u01b0\u1ee3c \u1ee7 trong th\u00f9ng g\u1ed7 s\u1ed3 Ph\u00e1p 24 th\u00e1ng, r\u01b0\u1ee3u \u0111\u01b0\u1ee3c \u0111\u00f3ng trong th\u00f9ng g\u1ed7 6 chai\/th\u00f9ng.<\/p>\n","protected":false},"featured_media":274,"comment_status":"open","ping_status":"closed","template":"","meta":[],"_links":{"self":[{"href":"https:\/\/c422-phoruoungoai.com-vn.net\/index.php?rest_route=\/wp\/v2\/product\/226"}],"collection":[{"href":"https:\/\/c422-phoruoungoai.com-vn.net\/index.php?rest_route=\/wp\/v2\/product"}],"about":[{"href":"https:\/\/c422-phoruoungoai.com-vn.net\/index.php?rest_route=\/wp\/v2\/types\/product"}],"replies":[{"embeddable":true,"href":"https:\/\/c422-phoruoungoai.com-vn.net\/index.php?rest_route=%2Fwp%2Fv2%2Fcomments&post=226"}],"wp:featuredmedia":[{"embeddable":true,"href":"https:\/\/c422-phoruoungoai.com-vn.net\/index.php?rest_route=\/wp\/v2\/media\/274"}],"wp:attachment":[{"href":"https:\/\/c422-phoruoungoai.com-vn.net\/index.php?rest_route=%2Fwp%2Fv2%2Fmedia&parent=226"}],"curies":[{"name":"wp","href":"https:\/\/api.w.org\/{rel}","templated":true}]}}