{"id":227,"date":"2017-10-03T20:42:29","date_gmt":"2017-10-03T13:42:29","guid":{"rendered":"http:\/\/hungrt.raothue.com\/phoruoungoai\/?post_type=product&#038;p=227"},"modified":"2018-01-31T21:57:52","modified_gmt":"2018-01-31T14:57:52","slug":"ruou-vang-y-60-limited-edition-primitivo-di-manduria-9","status":"publish","type":"product","link":"https:\/\/c422-phoruoungoai.com-vn.net\/?product=ruou-vang-y-60-limited-edition-primitivo-di-manduria-9","title":{"rendered":"Bia Corona Extra (Mexico)"},"content":{"rendered":"<div>\n<div>\n<div>\n<blockquote><p><span style=\"font-family: arial, helvetica, sans-serif; font-size: 12pt;\"><b>Corona\u00a0Bia Corona Extra (Mexico)<\/b>\u00a0l\u00e0 m\u1ed9t trong nh\u1eefng lo\u1ea1i bia \u0111\u01b0\u1ee3c u\u1ed1ng nhi\u1ec1u nh\u1ea5t th\u1ebf gi\u1edbi. Xu\u1ea5t ph\u00e1t t\u1eeb Mexico,\u00a0<b>Corona<\/b>\u00a0\u0111\u00e3 nhanh ch\u00f3ng \u0111\u01b0\u1ee3c d\u00e2n B\u1eafc M\u1ef9, ch\u00e2u \u00c2u, ch\u00e2u \u00dac v\u00e0 c\u1ea3 ch\u00e2u \u00c1. Th\u01b0\u1eddng khi u\u1ed1ng, Corona s\u1ebd \u0111\u01b0\u1ee3c ph\u1ee5c v\u1ee5 v\u1edbi m\u1ed9t l\u00e1t chanh c\u00e0i l\u00ean tr\u00ean mi\u1ec7ng chai. C\u00f3 r\u1ea5t nhi\u1ec1u c\u00e1ch gi\u1ea3i th\u00edch kh\u00e1c nhau v\u1ec1 vi\u1ec7c t\u1ea1i sao l\u1ea1i s\u1eed d\u1ee5ng chanh nh\u01b0 v\u1eady, v\u00ed d\u1ee5 nh\u01b0 :<\/span><\/p><\/blockquote>\n<\/div>\n<\/div>\n<h2><span style=\"font-family: arial, helvetica, sans-serif; font-size: 12pt;\">* Chanh \u0111\u01b0\u1ee3c c\u00e0i l\u00ean mi\u1ec7ng chai \u0111\u1ec3 c\u00f4n tr\u00f9ng nh\u01b0 ru\u1ed3i, mu\u1ed7i \u2026 kh\u00f4ng bay v\u00e0o chai (!)<\/span><br \/>\n<span style=\"font-family: arial, helvetica, sans-serif; font-size: 12pt;\"> * Chanh \u0111\u01b0\u1ee3c c\u00e0i l\u00ean mi\u1ec7ng chai \u0111\u1ec3 \u0111\u1ea3m b\u1ea3o r\u1eb1ng mi\u1ec7ng chai bia s\u1ebd \u2026 v\u00f4 tr\u00f9ng khi \u0111\u01b0\u1ee3c u\u1ed1ng (!). Acid \u1edf trong chanh s\u1ebd qu\u00e9t s\u1ea1ch vi tr\u00f9ng tr\u00ean mi\u1ec7ng chai.<\/span><br \/>\n<span style=\"font-family: arial, helvetica, sans-serif; font-size: 12pt;\"> * C\u00f4ng th\u1ee9c u\u1ed1ng\u00a0<b>Corona<\/b>\u00a0v\u1edbi chanh \u0111\u01b0\u1ee3c ch\u00ednh nh\u1eefng ng\u01b0\u1eddi s\u1ea3n xu\u1ea5t\u00a0<b>Corona\u00a0<\/b>ngh\u0129 ra v\u00e0 lan truy\u1ec1n ra ngo\u00e0i.<\/span><br \/>\n<span style=\"font-family: arial, helvetica, sans-serif; font-size: 12pt;\"> * V\u00e0o n\u0103m 1981, m\u1ed9t anh ch\u00e0ng bartender v\u00f4 danh \u0111\u00e3 th\u1eed c\u00e0i chanh v\u00e0o c\u00e1c chai\u00a0<b>bia Corona<\/b>\u00a0\u0111\u01b0\u1ee3c kh\u00e1ch y\u00eau c\u1ea7u \u0111\u1ec3 xem kh\u00e1ch c\u00f3 ti\u1ebfp t\u1ee5c g\u1ecdi\u00a0<b>Corona<\/b>\u00a0v\u1edbi chanh hay kh\u00f4ng.<\/span><\/h2>\n<\/div>\n<div><span style=\"font-family: arial, helvetica, sans-serif; font-size: 12pt;\"><span style=\"color: #404040;\">T\u1ea1i sao ng\u01b0\u1eddi ta l\u1ea1i th\u01b0\u1eddng u\u1ed1ng bia\u00a0<\/span><b>Corona<\/b><span style=\"color: #404040;\">\u00a0v\u1edbi m\u1ed9t l\u00e1t chanh? Cho t\u1edbi gi\u1edd, kh\u00f4ng c\u00f3 c\u00e1ch gi\u1ea3i th\u00edch n\u00e0o \u0111\u01b0\u1ee3c ch\u00ednh th\u1ee9c c\u00f4ng nh\u1eadn. Tuy v\u1eady, c\u00f3 m\u1ed9t c\u00e1ch gi\u1ea3i th\u00edch khoa h\u1ecdc h\u01a1n khi cho r\u1eb1ng c\u00e1c lo\u1ea1i bia v\u00e0ng nh\u1eb9 nh\u01b0 Corona (kho\u1ea3ng 5% \u0111\u1ed9 c\u1ed3n) s\u1ebd nhanh ch\u00f3ng b\u1ecb gi\u1ea3m ch\u1ea5t l\u01b0\u1ee3ng khi men bia ti\u1ebfp x\u00fac v\u1edbi \u00e1nh s\u00e1ng.\u00a0<\/span><b><span style=\"color: #990000;\">Corona<\/span><\/b><span style=\"color: #404040;\">\u00a0l\u1ea1i \u0111\u01b0\u1ee3c \u0111\u00f3ng chai trong c\u00e1c chai th\u1ee7y tinh trong su\u1ed1t ch\u1ee9 kh\u00f4ng \u0111\u00f3ng trong c\u00e1c chai s\u1eabm m\u1ea7u n\u00ean qu\u00e1 tr\u00ecnh \u201cm\u1ea5t m\u00f9i m\u1ea5t v\u1ecb\u201d n\u00e0y c\u00e0ng x\u1ea3y ra nhanh ch\u00f3ng h\u01a1n. Mi\u1ebfng chanh \u1edf \u0111\u00e2y s\u1ebd c\u00f3 t\u00e1c d\u1ee5ng \u201c\u0111\u00e1nh l\u1eeba\u201d ng\u01b0\u1eddi u\u1ed1ng v\u1ec1 s\u1ef1 gi\u1ea3m s\u00fat ch\u1ea5t l\u01b0\u1ee3ng c\u1ee7a bia v\u00e0 gi\u1eef cho ng\u01b0\u1eddi u\u1ed1ng c\u00f3 th\u1ec3 th\u01b0\u1edfng th\u1ee9c\u00a0<b>Corona<\/b>\u00a0l\u00e2u h\u01a1n.<\/span><\/span><\/div>\n<p><span style=\"font-family: arial, helvetica, sans-serif; font-size: 12pt;\"><span style=\"color: #404040;\">T\u00f9y t\u1eebng n\u01a1i m\u00e0 chanh ta hay chanh t\u00e2y \u0111\u01b0\u1ee3c s\u1eed d\u1ee5ng. Th\u1eadm ch\u00ed t\u1ea1i Philippines, qu\u1ea5t \u0111\u01b0\u1ee3c s\u1eed d\u1ee5ng thay cho chanh. Cho d\u00f9 v\u1edbi l\u00fd do n\u00e0o th\u00ec\u00a0<\/span><span style=\"color: #990000;\">u\u1ed1ng Corona<\/span>\u00a0<span style=\"color: #404040;\">v\u1edbi chanh c\u0169ng th\u1ef1c s\u1ef1 ngon. Tuy v\u1eady, h\u00e3y tr\u00e1nh \u0111\u1ec3 chai<b>\u00a0bia Corona\u00a0<\/b>ti\u1ebfp x\u00fac v\u1edbi \u00e1nh s\u00e1ng qu\u00e1 nhi\u1ec1u n\u1ebfu b\u1ea1n mu\u1ed1n th\u01b0\u1edfng th\u1ee9c n\u00f3 t\u1eeb t\u1eeb.<\/span><\/span><\/p>\n","protected":false},"excerpt":{"rendered":"<p>R\u01b0\u1ee3u vang Chile Puro Huaso Family Selection Oak Barrel Aged \u0110\u1ea7y c\u00e1 t\u00ednh v\u00e0 quy\u1ebfn r\u0169 l\u00e0 nh\u1eefng n\u00e9t \u0111\u1eb7c tr\u01b0ng. Khi th\u01b0\u1edfng th\u1ee9c vang tho\u1ea1t ti\u00ean cho c\u1ea3m gi\u00e1c thanh tho\u00e1t, n\u1ec1n n\u00e3 v\u00e0 v\u00f4 c\u00f9ng m\u1ec1m m\u1ea1i. Nh\u01b0ng sau \u0111\u00f3 l\u1ea1i s\u00e2u s\u1eafc, \u0111\u1eadm \u0111\u00e0. Vang c\u00f3 s\u1ef1 h\u00f2a tr\u1ed9n kh\u00e9o l\u00e9o v\u00e0 tinh t\u1ebf c\u1ee7a nh\u1eefng h\u01b0\u01a1ng v\u1ecb kh\u00e1c nhau , r\u01b0\u1ee3u \u0111\u01b0\u1ee3c \u1ee7 trong th\u00f9ng g\u1ed7 s\u1ed3 Ph\u00e1p 24 th\u00e1ng, r\u01b0\u1ee3u \u0111\u01b0\u1ee3c \u0111\u00f3ng trong th\u00f9ng g\u1ed7 6 chai\/th\u00f9ng.<\/p>\n","protected":false},"featured_media":218,"comment_status":"open","ping_status":"closed","template":"","meta":[],"_links":{"self":[{"href":"https:\/\/c422-phoruoungoai.com-vn.net\/index.php?rest_route=\/wp\/v2\/product\/227"}],"collection":[{"href":"https:\/\/c422-phoruoungoai.com-vn.net\/index.php?rest_route=\/wp\/v2\/product"}],"about":[{"href":"https:\/\/c422-phoruoungoai.com-vn.net\/index.php?rest_route=\/wp\/v2\/types\/product"}],"replies":[{"embeddable":true,"href":"https:\/\/c422-phoruoungoai.com-vn.net\/index.php?rest_route=%2Fwp%2Fv2%2Fcomments&post=227"}],"wp:featuredmedia":[{"embeddable":true,"href":"https:\/\/c422-phoruoungoai.com-vn.net\/index.php?rest_route=\/wp\/v2\/media\/218"}],"wp:attachment":[{"href":"https:\/\/c422-phoruoungoai.com-vn.net\/index.php?rest_route=%2Fwp%2Fv2%2Fmedia&parent=227"}],"curies":[{"name":"wp","href":"https:\/\/api.w.org\/{rel}","templated":true}]}}