{"id":262,"date":"2018-01-31T11:06:53","date_gmt":"2018-01-31T04:06:53","guid":{"rendered":"http:\/\/hungrt.raothue.com\/phoruoungoai\/?post_type=product&#038;p=262"},"modified":"2018-01-31T22:01:52","modified_gmt":"2018-01-31T15:01:52","slug":"hennessy-v-s-special-cognac","status":"publish","type":"product","link":"https:\/\/c422-phoruoungoai.com-vn.net\/?product=hennessy-v-s-special-cognac","title":{"rendered":"Hennessy V.S &#8211; Very Special Cognac"},"content":{"rendered":"<p>N\u0103m 1865, Maurice Hennessy \u2013 cha \u0111\u1ebb c\u1ee7a d\u00f2ng Richard Hennessy \u0111\u00e3 t\u1ea1o ra m\u1ed9t b\u1ea3ng \u0111\u00e1nh gi\u00e1 nh\u1eb1m ph\u00e2n bi\u1ec7t ch\u1ea5t l\u01b0\u1ee3ng c\u1ee7a t\u1eebng lo\u1ea1i r\u01b0\u1ee3u cognac. R\u01b0\u1ee3u Hennessy \u0111\u1ea1t ti\u00eau chu\u1ea9n 3 sao cognac c\u00f3 t\u00ean l\u00e0\u00a0 Hennessy VS (vi\u1ebft t\u1eaft c\u1ee7a Very Special) c\u0169ng l\u00e0 d\u00f2ng cognac ph\u1ed5 bi\u1ebfn nh\u1ea5t tr\u00ean th\u1ebf gi\u1edbi.<\/p>\n<p>R\u01b0\u1ee3u Hennessy Very Special c\u1ee7a Nh\u1eadt v\u1edbi h\u00ecnh d\u00e1ng mang \u0111\u1eadm t\u00ednh c\u1ed5 \u0111i\u1ec3n t\u1eeb nh\u1eefng n\u0103m 1975 \u0111\u1ebfn nay kh\u00f4ng thay \u0111\u1ed5i. C\u0169ng nh\u01b0 ch\u1ea5t l\u01b0\u1ee3ng v\u1eabn gi\u1eef nguy\u00ean h\u01b0\u01a1ng v\u1ecb cho \u0111\u1ebfn ng\u00e0y nay. V\u1ecb r\u01b0\u1ee3u \u0111\u1eadm \u0111\u00e0, th\u01a1m h\u01b0\u01a1ng cam qu\u00fdt, g\u1ed7i s\u1ed3i Ph\u00e1p, t\u00e1o, nho v\u00e0 h\u1ea1nh nh\u00e2n mang d\u01b0 \u00e2m k\u00e9o d\u00e0i h\u01a1n.<\/p>\n<p>Xu\u1ea5t x\u1ee9: Cognac France \u2013 m\u1ee5a t\u1ea1i n\u1ed9i \u0111\u1ecba Nh\u1eadt B\u1ea3n<\/p>\n<p>Dung t\u00edch: 700ml<\/p>\n<p>\u0110\u1ed9 c\u1ed3n: 40%<\/p>\n","protected":false},"excerpt":{"rendered":"<p>R\u01b0\u1ee3u vang Chile Puro Huaso Family Selection Oak Barrel Aged \u0110\u1ea7y c\u00e1 t\u00ednh v\u00e0 quy\u1ebfn r\u0169 l\u00e0 nh\u1eefng n\u00e9t \u0111\u1eb7c tr\u01b0ng. Khi th\u01b0\u1edfng th\u1ee9c vang tho\u1ea1t ti\u00ean cho c\u1ea3m gi\u00e1c thanh tho\u00e1t, n\u1ec1n n\u00e3 v\u00e0 v\u00f4 c\u00f9ng m\u1ec1m m\u1ea1i. Nh\u01b0ng sau \u0111\u00f3 l\u1ea1i s\u00e2u s\u1eafc, \u0111\u1eadm \u0111\u00e0. Vang c\u00f3 s\u1ef1 h\u00f2a tr\u1ed9n kh\u00e9o l\u00e9o v\u00e0 tinh t\u1ebf c\u1ee7a nh\u1eefng h\u01b0\u01a1ng v\u1ecb kh\u00e1c nhau , r\u01b0\u1ee3u \u0111\u01b0\u1ee3c \u1ee7 trong th\u00f9ng g\u1ed7 s\u1ed3 Ph\u00e1p 24 th\u00e1ng, r\u01b0\u1ee3u \u0111\u01b0\u1ee3c \u0111\u00f3ng trong th\u00f9ng g\u1ed7 6 chai\/th\u00f9ng.<\/p>\n","protected":false},"featured_media":275,"comment_status":"open","ping_status":"closed","template":"","meta":[],"_links":{"self":[{"href":"https:\/\/c422-phoruoungoai.com-vn.net\/index.php?rest_route=\/wp\/v2\/product\/262"}],"collection":[{"href":"https:\/\/c422-phoruoungoai.com-vn.net\/index.php?rest_route=\/wp\/v2\/product"}],"about":[{"href":"https:\/\/c422-phoruoungoai.com-vn.net\/index.php?rest_route=\/wp\/v2\/types\/product"}],"replies":[{"embeddable":true,"href":"https:\/\/c422-phoruoungoai.com-vn.net\/index.php?rest_route=%2Fwp%2Fv2%2Fcomments&post=262"}],"wp:featuredmedia":[{"embeddable":true,"href":"https:\/\/c422-phoruoungoai.com-vn.net\/index.php?rest_route=\/wp\/v2\/media\/275"}],"wp:attachment":[{"href":"https:\/\/c422-phoruoungoai.com-vn.net\/index.php?rest_route=%2Fwp%2Fv2%2Fmedia&parent=262"}],"curies":[{"name":"wp","href":"https:\/\/api.w.org\/{rel}","templated":true}]}}