{"id":264,"date":"2018-01-31T11:12:40","date_gmt":"2018-01-31T04:12:40","guid":{"rendered":"http:\/\/hungrt.raothue.com\/phoruoungoai\/?post_type=product&#038;p=264"},"modified":"2018-01-31T22:04:54","modified_gmt":"2018-01-31T15:04:54","slug":"hennessy-superior-old-pale","status":"publish","type":"product","link":"https:\/\/c422-phoruoungoai.com-vn.net\/?product=hennessy-superior-old-pale","title":{"rendered":"Hennessy &#8220;Very Superior Old Pale&#8221;"},"content":{"rendered":"<p>Th\u00e1ng 10 n\u0103m 1817 vua Georges IV c\u1ee7a v\u01b0\u01a1ng qu\u1ed1c Anh, m\u1ed9t ng\u01b0\u1eddi r\u1ea5t am hi\u1ec3u v\u1ec1 r\u01b0\u1ee3u \u0111\u00e3 \u0111\u1eb7t t\u1eeb nh\u00e0 Hennessy lo\u1ea1i\u00a0Hennessy\u00a0&#8220;Very Superior Old Pale&#8221; (vi\u1ebft t\u1eaft l\u00e0 V.S.O.P) d\u00e0nh ri\u00eang cho ho\u00e0ng gia. K\u1ec3 t\u1eeb \u0111\u00f3 R\u01b0\u1ee3u Hennessy V.S.O.P l\u00e0 lo\u1ea1i r\u01b0\u1ee3u Cognac v\u1eabn c\u00f2n gi\u1eef h\u01b0\u01a1ng v\u1ecb tuy\u1ec7t v\u1eddi cho \u0111\u1ebfn ng\u00e0y nay.<\/p>\n<p>Hennessy V.S.O.P\u00a0l\u00e0 bi\u1ec3u t\u01b0\u1ee3ng cho s\u1ef1 tr\u1ecdn v\u1eb9n v\u00e0 tinh t\u1ebf. S\u1ef1 h\u00e0i h\u00f2a v\u00e0 tinh t\u1ebf \u1ea5y \u0111\u01b0\u1ee3c th\u1ec3 hi\u1ec7n nh\u1eb9 nh\u00e0ng b\u1edfi h\u01b0\u01a1ng v\u1ecb c\u1ee7a cam th\u1ea3o v\u00e0 v\u1ecb ng\u1ecdt c\u1ee7a m\u1eadt ong &#8211; th\u1eadt d\u1ecbu ng\u1ecdt, s\u00e2u s\u1eafc v\u00e0 tr\u1ecdn v\u1eb9n.<br \/>\nTh\u00e0nh ph\u1ea7n \u0111\u1ec3 t\u1ea1o n\u00ean lo\u1ea1i r\u01b0\u1ee3u n\u1ed5i ti\u1ebfng n\u00e0y c\u0169ng r\u1ea5t \u0111\u1ed9c \u0111\u00e1o.\u00a0Hennessy V.S.O.P\u00a0l\u00e0 s\u1ef1 pha tr\u1ed9n ho\u00e0n h\u1ea3o c\u1ee7a h\u01a1n 60 lo\u1ea1i r\u01b0\u1ee3u t\u00e2m (eau-de-vie) kh\u00e1c nhau \u0111\u01b0\u1ee3c ch\u1ecdn l\u1ecdc t\u1eeb 4 khu v\u1ef1c tr\u1ed3ng nho t\u1ed1t nh\u1ea5t c\u1ee7a Cognac.<br \/>\nB\u1edfi v\u1eady, kh\u00f4ng c\u00f2n nghi ng\u1edd g\u00ec n\u1eefa, Hennessy V.S.O.P\u00a0 n\u1eb1m trong b\u1ed9 s\u01b0u t\u1eadp Cognac Hennessy c\u1ee7a nh\u00e0 Hennessy x\u1ee9ng \u0111\u00e1ng \u0111\u1ec3 bi\u1ebft bao t\u00edn \u0111\u1ed3 c\u1ee7a r\u01b0\u1ee3u Cognac c\u0169ng nh\u01b0 nh\u1eefng ng\u01b0\u1eddi am hi\u1ec3u v\u1ec1 r\u01b0\u1ee3u Cognac mu\u1ed1n s\u1edf h\u1eefu chai r\u01b0\u1ee3u cao c\u1ea5p.<br \/>\nH\u01b0\u01a1ng v\u1ecb c\u1ee7a Hennessy VSOP: Tr\u01b0\u01a1n tru, d\u1ecbu ng\u1ecdt, s\u00e2u s\u1eafc, gia v\u1ecb, tr\u1ecdn v\u1eb9n, m\u1eadt ong\u2026<\/p>\n<p>C\u00e1ch th\u01b0\u1edfng th\u1ee9c\u00a0 Hennessy VSOP: Tuy\u1ec7t v\u1eddi nh\u1ea5t khi th\u01b0\u1edfng th\u1ee9c cognac nguy\u00ean ch\u1ea5t ho\u1eb7c u\u1ed1ng v\u1edbi \u0111\u00e1. Ngo\u00e0i ra\u00a0R\u01b0\u1ee3u Hennessy\u00a0Privill\u00e8ge V.S.O.P\u00a0c\u0169ng c\u00f3 th\u1ec3 s\u1eed d\u1ee5ng m\u1ed9t c\u00e1ch s\u00e1ng t\u1ea1o h\u01a1n khi u\u1ed1ng pha v\u1edbi c\u00e1c lo\u1ea1i cocktail ho\u1eb7c n\u01b0\u1edbc pha kh\u00e1c.<\/p>\n","protected":false},"excerpt":{"rendered":"<p>R\u01b0\u1ee3u vang Chile Puro Huaso Family Selection Oak Barrel Aged \u0110\u1ea7y c\u00e1 t\u00ednh v\u00e0 quy\u1ebfn r\u0169 l\u00e0 nh\u1eefng n\u00e9t \u0111\u1eb7c tr\u01b0ng. Khi th\u01b0\u1edfng th\u1ee9c vang tho\u1ea1t ti\u00ean cho c\u1ea3m gi\u00e1c thanh tho\u00e1t, n\u1ec1n n\u00e3 v\u00e0 v\u00f4 c\u00f9ng m\u1ec1m m\u1ea1i. Nh\u01b0ng sau \u0111\u00f3 l\u1ea1i s\u00e2u s\u1eafc, \u0111\u1eadm \u0111\u00e0. Vang c\u00f3 s\u1ef1 h\u00f2a tr\u1ed9n kh\u00e9o l\u00e9o v\u00e0 tinh t\u1ebf c\u1ee7a nh\u1eefng h\u01b0\u01a1ng v\u1ecb kh\u00e1c nhau , r\u01b0\u1ee3u \u0111\u01b0\u1ee3c \u1ee7 trong th\u00f9ng g\u1ed7 s\u1ed3 Ph\u00e1p 24 th\u00e1ng, r\u01b0\u1ee3u \u0111\u01b0\u1ee3c \u0111\u00f3ng trong th\u00f9ng g\u1ed7 6 chai\/th\u00f9ng.<\/p>\n","protected":false},"featured_media":276,"comment_status":"open","ping_status":"closed","template":"","meta":[],"_links":{"self":[{"href":"https:\/\/c422-phoruoungoai.com-vn.net\/index.php?rest_route=\/wp\/v2\/product\/264"}],"collection":[{"href":"https:\/\/c422-phoruoungoai.com-vn.net\/index.php?rest_route=\/wp\/v2\/product"}],"about":[{"href":"https:\/\/c422-phoruoungoai.com-vn.net\/index.php?rest_route=\/wp\/v2\/types\/product"}],"replies":[{"embeddable":true,"href":"https:\/\/c422-phoruoungoai.com-vn.net\/index.php?rest_route=%2Fwp%2Fv2%2Fcomments&post=264"}],"wp:featuredmedia":[{"embeddable":true,"href":"https:\/\/c422-phoruoungoai.com-vn.net\/index.php?rest_route=\/wp\/v2\/media\/276"}],"wp:attachment":[{"href":"https:\/\/c422-phoruoungoai.com-vn.net\/index.php?rest_route=%2Fwp%2Fv2%2Fmedia&parent=264"}],"curies":[{"name":"wp","href":"https:\/\/api.w.org\/{rel}","templated":true}]}}