{"id":266,"date":"2018-01-31T11:15:30","date_gmt":"2018-01-31T04:15:30","guid":{"rendered":"http:\/\/hungrt.raothue.com\/phoruoungoai\/?post_type=product&#038;p=266"},"modified":"2018-01-31T22:06:05","modified_gmt":"2018-01-31T15:06:05","slug":"hennessy-vsop-limited-2018","status":"publish","type":"product","link":"https:\/\/c422-phoruoungoai.com-vn.net\/?product=hennessy-vsop-limited-2018","title":{"rendered":"Hennessy VSOP limited 2018"},"content":{"rendered":"<p><strong>R\u01b0\u1ee3u Hennessy VSOP\u00a0<\/strong>l\u00e0 bi\u1ec3u t\u01b0\u1ee3ng cho s\u1ef1 tr\u1ecdn v\u1eb9n v\u00e0 tinh t\u1ebf. S\u1ef1 h\u00e0i h\u00f2a v\u00e0 tinh t\u1ebf \u1ea5y \u0111\u01b0\u1ee3c th\u1ec3 hi\u1ec7n nh\u1eb9 nh\u00e0ng b\u1edfi h\u01b0\u01a1ng v\u1ecb c\u1ee7a cam th\u1ea3o v\u00e0 v\u1ecb ng\u1ecdt c\u1ee7a m\u1eadt ong &#8211; th\u1eadt d\u1ecbu ng\u1ecdt, s\u00e2u s\u1eafc v\u00e0 tr\u1ecdn v\u1eb9n.<br \/>\nTh\u00e0nh ph\u1ea7n \u0111\u1ec3 t\u1ea1o n\u00ean lo\u1ea1i r\u01b0\u1ee3u n\u1ed5i ti\u1ebfng n\u00e0y c\u0169ng r\u1ea5t \u0111\u1ed9c \u0111\u00e1o. Hennessy VSOP l\u00e0 s\u1ef1 pha tr\u1ed9n ho\u00e0n h\u1ea3o c\u1ee7a h\u01a1n 60 lo\u1ea1i r\u01b0\u1ee3u t\u00e2m (eau-de-vie) kh\u00e1c nhau \u0111\u01b0\u1ee3c ch\u1ecdn l\u1ecdc t\u1eeb 4 khu v\u1ef1c tr\u1ed3ng nho t\u1ed1t nh\u1ea5t c\u1ee7a Cognac.<br \/>\nB\u1edfi v\u1eady, kh\u00f4ng c\u00f2n nghi ng\u1edd g\u00ec n\u1eefa,Hennessy VSOP n\u1eb1m trong b\u1ed9 s\u01b0u t\u1eadp Cognac Hennessy c\u1ee7a nh\u00e0 Hennessy x\u1ee9ng \u0111\u00e1ng \u0111\u1ec3 bi\u1ebft bao t\u00edn \u0111\u1ed3 c\u1ee7a r\u01b0\u1ee3u Cognac c\u0169ng nh\u01b0 nh\u1eefng ng\u01b0\u1eddi am hi\u1ec3u v\u1ec1 r\u01b0\u1ee3u Cognac mu\u1ed1n s\u1edf h\u1eefu chai r\u01b0\u1ee3u cao c\u1ea5p.<\/p>\n","protected":false},"excerpt":{"rendered":"<p>R\u01b0\u1ee3u Hennessy VSOP h\u1ed9p qu\u00e0 2018 + chai mini\u00a0Hennessy VSOP\u00a0limited 2018 \u0111\u01b0\u1ee3c thi\u1ebft k\u1ebf \u0111\u1eb7c bi\u1ec7t k\u1ef7 ni\u1ec7m 200 n\u0103m c\u1ee7a d\u00f2ng s\u1ea3n ph\u1ea9m n\u00e0y (1818-2018).<\/p>\n<p>N\u0103m 2018 l\u00e0 k\u1ef7 ni\u1ec7m \u0111\u1eb7c bi\u1ec7t d\u00f2ng r\u01b0\u1ee3u n\u00e0y c\u00f3 tu\u1ed5i \u0111\u1eddi 200 n\u0103m, b\u1eaft \u0111\u1ea7u n\u0103m 1818 v\u1edbi \u0111\u01a1n \u0111\u1eb7t h\u00e0ng c\u1ee7a King George IV cho ho\u00e0ng gia Anh. H\u00e3ng Hennessy \u0111\u00e3 l\u00e0m ra m\u1ed9t lo\u1ea1i r\u01b0\u1ee3u \u0111\u1eb7c bi\u1ec7t cho y\u00eau c\u1ea7u n\u00e0y \u0111\u00f3 l\u00e0 Hennessy VSOP.<\/p>\n","protected":false},"featured_media":267,"comment_status":"open","ping_status":"closed","template":"","meta":[],"_links":{"self":[{"href":"https:\/\/c422-phoruoungoai.com-vn.net\/index.php?rest_route=\/wp\/v2\/product\/266"}],"collection":[{"href":"https:\/\/c422-phoruoungoai.com-vn.net\/index.php?rest_route=\/wp\/v2\/product"}],"about":[{"href":"https:\/\/c422-phoruoungoai.com-vn.net\/index.php?rest_route=\/wp\/v2\/types\/product"}],"replies":[{"embeddable":true,"href":"https:\/\/c422-phoruoungoai.com-vn.net\/index.php?rest_route=%2Fwp%2Fv2%2Fcomments&post=266"}],"wp:featuredmedia":[{"embeddable":true,"href":"https:\/\/c422-phoruoungoai.com-vn.net\/index.php?rest_route=\/wp\/v2\/media\/267"}],"wp:attachment":[{"href":"https:\/\/c422-phoruoungoai.com-vn.net\/index.php?rest_route=%2Fwp%2Fv2%2Fmedia&parent=266"}],"curies":[{"name":"wp","href":"https:\/\/api.w.org\/{rel}","templated":true}]}}