{"id":99,"date":"2017-09-05T14:34:55","date_gmt":"2017-09-05T07:34:55","guid":{"rendered":"http:\/\/localhost\/RT-Aug\/?post_type=product&#038;p=99"},"modified":"2018-01-31T21:50:45","modified_gmt":"2018-01-31T14:50:45","slug":"tranh-ve-tuong-kho-lon-d01","status":"publish","type":"product","link":"https:\/\/c422-phoruoungoai.com-vn.net\/?product=tranh-ve-tuong-kho-lon-d01","title":{"rendered":"R\u01b0\u1ee3u vang \u00dd 60 Limited Edition Primitivo di Manduria"},"content":{"rendered":"<p>Sed porttitor lectus nibh. Praesent sapien massa, convallis a pellentesque nec, egestas non nisi. Nulla quis lorem ut libero malesuada feugiat. Nulla quis lorem ut libero malesuada feugiat. Nulla porttitor accumsan tincidunt. Curabitur aliquet quam id dui posuere blandit. Praesent sapien massa, convallis a pellentesque nec, egestas non nisi. Praesent sapien massa, convallis a pellentesque nec, egestas non nisi. Quisque velit nisi, pretium ut lacinia in, elementum id enim. Nulla quis lorem ut libero malesuada feugiat.<\/p>\n<p>Donec rutrum congue leo eget malesuada. Curabitur aliquet quam id dui posuere blandit. Sed porttitor lectus nibh. Sed porttitor lectus nibh. Vivamus magna justo, lacinia eget consectetur sed, convallis at tellus. Nulla porttitor accumsan tincidunt. Curabitur aliquet quam id dui posuere blandit. Curabitur aliquet quam id dui posuere blandit. Cras ultricies ligula sed magna dictum porta. Nulla porttitor accumsan tincidunt.<\/p>\n<p>Sed porttitor lectus nibh. Praesent sapien massa, convallis a pellentesque nec, egestas non nisi. Nulla quis lorem ut libero malesuada feugiat. Nulla quis lorem ut libero malesuada feugiat. Nulla porttitor accumsan tincidunt. Curabitur aliquet quam id dui posuere blandit. Praesent sapien massa, convallis a pellentesque nec, egestas non nisi. Praesent sapien massa, convallis a pellentesque nec, egestas non nisi. Quisque velit nisi, pretium ut lacinia in, elementum id enim. Nulla quis lorem ut libero malesuada feugiat.<\/p>\n<p>Donec rutrum congue leo eget malesuada. Curabitur aliquet quam id dui posuere blandit. Sed porttitor lectus nibh. Sed porttitor lectus nibh. Vivamus magna justo, lacinia eget consectetur sed, convallis at tellus. Nulla porttitor accumsan tincidunt. Curabitur aliquet quam id dui posuere blandit. Curabitur aliquet quam id dui posuere blandit. Cras ultricies ligula sed magna dictum porta. Nulla porttitor accumsan tincidunt.<\/p>\n","protected":false},"excerpt":{"rendered":"<p>R\u01b0\u1ee3u vang Chile Puro Huaso Family Selection Oak Barrel Aged \u0110\u1ea7y c\u00e1 t\u00ednh v\u00e0 quy\u1ebfn r\u0169 l\u00e0 nh\u1eefng n\u00e9t \u0111\u1eb7c tr\u01b0ng. Khi th\u01b0\u1edfng th\u1ee9c vang tho\u1ea1t ti\u00ean cho c\u1ea3m gi\u00e1c thanh tho\u00e1t, n\u1ec1n n\u00e3 v\u00e0 v\u00f4 c\u00f9ng m\u1ec1m m\u1ea1i. Nh\u01b0ng sau \u0111\u00f3 l\u1ea1i s\u00e2u s\u1eafc, \u0111\u1eadm \u0111\u00e0. Vang c\u00f3 s\u1ef1 h\u00f2a tr\u1ed9n kh\u00e9o l\u00e9o v\u00e0 tinh t\u1ebf c\u1ee7a nh\u1eefng h\u01b0\u01a1ng v\u1ecb kh\u00e1c nhau , r\u01b0\u1ee3u \u0111\u01b0\u1ee3c \u1ee7 trong th\u00f9ng g\u1ed7 s\u1ed3 Ph\u00e1p 24 th\u00e1ng, r\u01b0\u1ee3u \u0111\u01b0\u1ee3c \u0111\u00f3ng trong th\u00f9ng g\u1ed7 6 chai\/th\u00f9ng.<\/p>\n","protected":false},"featured_media":270,"comment_status":"open","ping_status":"closed","template":"","meta":[],"_links":{"self":[{"href":"https:\/\/c422-phoruoungoai.com-vn.net\/index.php?rest_route=\/wp\/v2\/product\/99"}],"collection":[{"href":"https:\/\/c422-phoruoungoai.com-vn.net\/index.php?rest_route=\/wp\/v2\/product"}],"about":[{"href":"https:\/\/c422-phoruoungoai.com-vn.net\/index.php?rest_route=\/wp\/v2\/types\/product"}],"replies":[{"embeddable":true,"href":"https:\/\/c422-phoruoungoai.com-vn.net\/index.php?rest_route=%2Fwp%2Fv2%2Fcomments&post=99"}],"wp:featuredmedia":[{"embeddable":true,"href":"https:\/\/c422-phoruoungoai.com-vn.net\/index.php?rest_route=\/wp\/v2\/media\/270"}],"wp:attachment":[{"href":"https:\/\/c422-phoruoungoai.com-vn.net\/index.php?rest_route=%2Fwp%2Fv2%2Fmedia&parent=99"}],"curies":[{"name":"wp","href":"https:\/\/api.w.org\/{rel}","templated":true}]}}